{"id":155,"date":"2022-02-08T12:36:12","date_gmt":"2022-02-08T11:36:12","guid":{"rendered":"https:\/\/www.vmv-mbh.de\/?page_id=155"},"modified":"2022-08-03T11:16:35","modified_gmt":"2022-08-03T09:16:35","slug":"spnv-ersatzverkehr","status":"publish","type":"page","link":"https:\/\/www.vmv-mbh.de\/en\/die-vmv\/foerderung\/spnv-ersatzverkehr\/","title":{"rendered":"Replacements for local rail transport"},"content":{"rendered":"<div data-elementor-type=\"wp-page\" data-elementor-id=\"155\" class=\"elementor elementor-155\" data-elementor-post-type=\"page\">\n\t\t\t\t\t\t<section class=\"elementor-section elementor-top-section elementor-element elementor-element-2e1c58d elementor-section-boxed elementor-section-height-default elementor-section-height-default\" data-id=\"2e1c58d\" data-element_type=\"section\" data-e-type=\"section\">\n\t\t\t\t\t\t<div class=\"elementor-container elementor-column-gap-default\">\n\t\t\t\t\t<div class=\"elementor-column elementor-col-100 elementor-top-column elementor-element elementor-element-be80326\" data-id=\"be80326\" data-element_type=\"column\" data-e-type=\"column\">\n\t\t\t<div class=\"elementor-widget-wrap elementor-element-populated\">\n\t\t\t\t\t\t<div class=\"elementor-element elementor-element-67d4683 elementor-widget elementor-widget-image\" data-id=\"67d4683\" data-element_type=\"widget\" data-e-type=\"widget\" data-widget_type=\"image.default\">\n\t\t\t\t<div class=\"elementor-widget-container\">\n\t\t\t\t\t\t\t\t\t\t\t\t\t\t\t<img fetchpriority=\"high\" decoding=\"async\" width=\"640\" height=\"240\" src=\"https:\/\/www.vmv-mbh.de\/wp-content\/uploads\/SPNV_ersatzverkehr640.jpg\" class=\"attachment-full size-full wp-image-493\" alt=\"\" srcset=\"https:\/\/www.vmv-mbh.de\/wp-content\/uploads\/SPNV_ersatzverkehr640.jpg 640w, https:\/\/www.vmv-mbh.de\/wp-content\/uploads\/SPNV_ersatzverkehr640-512x192.jpg 512w\" sizes=\"(max-width: 640px) 100vw, 640px\" \/>\t\t\t\t\t\t\t\t\t\t\t\t\t\t\t<\/div>\n\t\t\t\t<\/div>\n\t\t\t\t\t<\/div>\n\t\t<\/div>\n\t\t\t\t\t<\/div>\n\t\t<\/section>\n\t\t\t\t<section class=\"elementor-section elementor-top-section elementor-element elementor-element-48baae1 elementor-section-boxed elementor-section-height-default elementor-section-height-default\" data-id=\"48baae1\" data-element_type=\"section\" data-e-type=\"section\">\n\t\t\t\t\t\t<div class=\"elementor-container elementor-column-gap-custom\">\n\t\t\t\t\t<div class=\"elementor-column elementor-col-100 elementor-top-column elementor-element elementor-element-0d60ec6\" data-id=\"0d60ec6\" data-element_type=\"column\" data-e-type=\"column\">\n\t\t\t<div class=\"elementor-widget-wrap elementor-element-populated\">\n\t\t\t\t\t\t<div class=\"elementor-element elementor-element-04891c3 h3 elementor-widget elementor-widget-heading\" data-id=\"04891c3\" data-element_type=\"widget\" data-e-type=\"widget\" data-widget_type=\"heading.default\">\n\t\t\t\t<div class=\"elementor-widget-container\">\n\t\t\t\t\t<h1 class=\"elementor-heading-title elementor-size-default\">Subsidies for regular road transport<\/h1>\t\t\t\t<\/div>\n\t\t\t\t<\/div>\n\t\t\t\t<div class=\"elementor-element elementor-element-6bb6045 lead elementor-widget elementor-widget-text-editor\" data-id=\"6bb6045\" data-element_type=\"widget\" data-e-type=\"widget\" data-widget_type=\"text-editor.default\">\n\t\t\t\t<div class=\"elementor-widget-container\">\n\t\t\t\t\t\t\t\t\t<p>Not every destination can be reached by rail. The road network also plays a role in local public transport. However, scheduled bus transport is not the responsibility of the state government; here, the district and municipal authorities are responsible for ensuring the provision of transport.<\/p>\t\t\t\t\t\t\t\t<\/div>\n\t\t\t\t<\/div>\n\t\t\t\t<div class=\"elementor-element elementor-element-162f15c elementor-widget elementor-widget-text-editor\" data-id=\"162f15c\" data-element_type=\"widget\" data-e-type=\"widget\" data-widget_type=\"text-editor.default\">\n\t\t\t\t<div class=\"elementor-widget-container\">\n\t\t\t\t\t\t\t\t\t<p>However, these local authorities can also receive funding from VMV for the operation of regular transport services if certain conditions are met. This is the case if the discontinuation of rail services makes the establishment of a bus connection necessary in the first place.<\/p><p>For this substitute transport, VMV can grant subsidies of 2.05 euros per timetable kilometre.<\/p><p>This funding option is regulated in the \"Directive on the granting of subsidies for other public transport services in the event of the discontinuation of local rail passenger transport services in the state of Mecklenburg-Vorpommern\" (Sonst\u00d6PNVVLRL).<\/p>\t\t\t\t\t\t\t\t<\/div>\n\t\t\t\t<\/div>\n\t\t\t\t<div class=\"elementor-element elementor-element-53d2dc8 elementor-align-left pdf-btn elementor-widget elementor-widget-button\" data-id=\"53d2dc8\" data-element_type=\"widget\" data-e-type=\"widget\" data-widget_type=\"button.default\">\n\t\t\t\t<div class=\"elementor-widget-container\">\n\t\t\t\t\t\t\t\t\t<div class=\"elementor-button-wrapper\">\n\t\t\t\t\t<a class=\"elementor-button elementor-button-link elementor-size-sm\" href=\"https:\/\/www.vmv-mbh.de\/wp-content\/uploads\/SonstOEPNVVLRL.pdf\" target=\"_blank\">\n\t\t\t\t\t\t<span class=\"elementor-button-content-wrapper\">\n\t\t\t\t\t\t<span class=\"elementor-button-icon\">\n\t\t\t\t<i aria-hidden=\"true\" class=\"fas fa-cloud-download\"><\/i>\t\t\t<\/span>\n\t\t\t\t\t\t\t\t\t<span class=\"elementor-button-text\">Otherwise\u00d6PNVVLRL (PDF)<\/span>\n\t\t\t\t\t<\/span>\n\t\t\t\t\t<\/a>\n\t\t\t\t<\/div>\n\t\t\t\t\t\t\t\t<\/div>\n\t\t\t\t<\/div>\n\t\t\t\t\t<\/div>\n\t\t<\/div>\n\t\t\t\t\t<\/div>\n\t\t<\/section>\n\t\t\t\t<section class=\"elementor-section elementor-top-section elementor-element elementor-element-9b28c51 elementor-section-stretched elementor-section-boxed elementor-section-height-default elementor-section-height-default\" data-id=\"9b28c51\" data-element_type=\"section\" data-e-type=\"section\" data-settings=\"{&quot;stretch_section&quot;:&quot;section-stretched&quot;,&quot;background_background&quot;:&quot;classic&quot;}\">\n\t\t\t\t\t\t<div class=\"elementor-container elementor-column-gap-custom\">\n\t\t\t\t\t<div class=\"elementor-column elementor-col-100 elementor-top-column elementor-element elementor-element-05d4acc\" data-id=\"05d4acc\" data-element_type=\"column\" data-e-type=\"column\">\n\t\t\t<div class=\"elementor-widget-wrap elementor-element-populated\">\n\t\t\t\t\t\t<div class=\"elementor-element elementor-element-ff9ab6b H5 elementor-widget elementor-widget-heading\" data-id=\"ff9ab6b\" data-element_type=\"widget\" data-e-type=\"widget\" data-widget_type=\"heading.default\">\n\t\t\t\t<div class=\"elementor-widget-container\">\n\t\t\t\t\t<h5 class=\"elementor-heading-title elementor-size-default\">Further information and downloads:<\/h5>\t\t\t\t<\/div>\n\t\t\t\t<\/div>\n\t\t\t\t<div class=\"elementor-element elementor-element-143be71 lead elementor-icon-list--layout-traditional elementor-list-item-link-full_width elementor-widget elementor-widget-icon-list\" data-id=\"143be71\" data-element_type=\"widget\" data-e-type=\"widget\" data-widget_type=\"icon-list.default\">\n\t\t\t\t<div class=\"elementor-widget-container\">\n\t\t\t\t\t\t\t<ul class=\"elementor-icon-list-items\">\n\t\t\t\t\t\t\t<li class=\"elementor-icon-list-item\">\n\t\t\t\t\t\t\t\t\t\t\t<a href=\"https:\/\/www.vmv-mbh.de\/en\/die-vmv\/foerderung\/investitionsfoerderung\/\">\n\n\t\t\t\t\t\t\t\t\t\t\t\t<span class=\"elementor-icon-list-icon\">\n\t\t\t\t\t\t\t<i aria-hidden=\"true\" class=\"fas fa-arrow-right\"><\/i>\t\t\t\t\t\t<\/span>\n\t\t\t\t\t\t\t\t\t\t<span class=\"elementor-icon-list-text\">Investment funding<\/span>\n\t\t\t\t\t\t\t\t\t\t\t<\/a>\n\t\t\t\t\t\t\t\t\t<\/li>\n\t\t\t\t\t\t\t\t<li class=\"elementor-icon-list-item\">\n\t\t\t\t\t\t\t\t\t\t\t<a href=\"https:\/\/www.vmv-mbh.de\/en\/die-vmv\/foerderung\/individueller-bedarfsverkehr\/\">\n\n\t\t\t\t\t\t\t\t\t\t\t\t<span class=\"elementor-icon-list-icon\">\n\t\t\t\t\t\t\t<i aria-hidden=\"true\" class=\"fas fa-arrow-right\"><\/i>\t\t\t\t\t\t<\/span>\n\t\t\t\t\t\t\t\t\t\t<span class=\"elementor-icon-list-text\">Individual on-demand transport<\/span>\n\t\t\t\t\t\t\t\t\t\t\t<\/a>\n\t\t\t\t\t\t\t\t\t<\/li>\n\t\t\t\t\t\t\t\t<li class=\"elementor-icon-list-item\">\n\t\t\t\t\t\t\t\t\t\t\t<a href=\"https:\/\/www.vmv-mbh.de\/en\/die-vmv\/foerderung\/downloads\/\">\n\n\t\t\t\t\t\t\t\t\t\t\t\t<span class=\"elementor-icon-list-icon\">\n\t\t\t\t\t\t\t<i aria-hidden=\"true\" class=\"fas fa-arrow-right\"><\/i>\t\t\t\t\t\t<\/span>\n\t\t\t\t\t\t\t\t\t\t<span class=\"elementor-icon-list-text\">Current regulations and legislation to download<\/span>\n\t\t\t\t\t\t\t\t\t\t\t<\/a>\n\t\t\t\t\t\t\t\t\t<\/li>\n\t\t\t\t\t\t<\/ul>\n\t\t\t\t\t\t<\/div>\n\t\t\t\t<\/div>\n\t\t\t\t\t<\/div>\n\t\t<\/div>\n\t\t\t\t\t<\/div>\n\t\t<\/section>\n\t\t\t\t<\/div>","protected":false},"excerpt":{"rendered":"<p>Subsidies for regular road transport Not every destination can be reached by rail. The road network also plays a role in local public transport. However, scheduled bus transport is not the responsibility of the state government; here, the district and municipal authorities are responsible for ensuring transport services. However, these municipal authorities can also benefit from the VMV's...<\/p>","protected":false},"author":7,"featured_media":0,"parent":61,"menu_order":52,"comment_status":"closed","ping_status":"closed","template":"","meta":{"_acf_changed":false,"footnotes":""},"class_list":["post-155","page","type-page","status-publish","hentry"],"acf":[],"yoast_head":"<!-- This site is optimized with the Yoast SEO plugin v27.3 - https:\/\/yoast.com\/product\/yoast-seo-wordpress\/ -->\n<title>SPNV Ersatzverkehr - VMV-Verkehrsgesellschaft Mecklenburg-Vorpommern<\/title>\n<meta name=\"robots\" content=\"index, follow, max-snippet:-1, max-image-preview:large, max-video-preview:-1\" \/>\n<link rel=\"canonical\" href=\"https:\/\/www.vmv-mbh.de\/en\/die-vmv\/foerderung\/spnv-ersatzverkehr\/\" \/>\n<meta property=\"og:locale\" content=\"en_GB\" \/>\n<meta property=\"og:type\" content=\"article\" \/>\n<meta property=\"og:title\" content=\"SPNV Ersatzverkehr - VMV-Verkehrsgesellschaft Mecklenburg-Vorpommern\" \/>\n<meta property=\"og:description\" content=\"Zusch\u00fcsse f\u00fcr den Linienverkehr auf der Stra\u00dfe Nicht jedes Ziel kann auf Schienen erreicht werden. Im \u00f6ffentlichen Personennahverkehr spielt auch das Stra\u00dfennetz eine Rolle. Der Linienbusverkehr liegt allerdings nicht in der Zust\u00e4ndigkeit der Landesregierung, hier sind die Kreis- und Stadtverwaltungen f\u00fcr die Sicherstellung des Bef\u00f6rderungsangebotes verantwortlich. Doch auch diese kommunalen Aufgabentr\u00e4ger k\u00f6nnen von der VMV&hellip;\" \/>\n<meta property=\"og:url\" content=\"https:\/\/www.vmv-mbh.de\/en\/die-vmv\/foerderung\/spnv-ersatzverkehr\/\" \/>\n<meta property=\"og:site_name\" content=\"VMV-Verkehrsgesellschaft Mecklenburg-Vorpommern\" \/>\n<meta property=\"article:modified_time\" content=\"2022-08-03T09:16:35+00:00\" \/>\n<meta property=\"og:image\" content=\"https:\/\/www.vmv-mbh.de\/wp-content\/uploads\/SPNV_ersatzverkehr640.jpg\" \/>\n<meta name=\"twitter:card\" content=\"summary_large_image\" \/>\n<meta name=\"twitter:label1\" content=\"Estimated reading time\" \/>\n\t<meta name=\"twitter:data1\" content=\"2 minutes\" \/>\n<script type=\"application\/ld+json\" class=\"yoast-schema-graph\">{\"@context\":\"https:\\\/\\\/schema.org\",\"@graph\":[{\"@type\":\"WebPage\",\"@id\":\"https:\\\/\\\/www.vmv-mbh.de\\\/die-vmv\\\/foerderung\\\/spnv-ersatzverkehr\\\/\",\"url\":\"https:\\\/\\\/www.vmv-mbh.de\\\/die-vmv\\\/foerderung\\\/spnv-ersatzverkehr\\\/\",\"name\":\"SPNV Ersatzverkehr - VMV-Verkehrsgesellschaft Mecklenburg-Vorpommern\",\"isPartOf\":{\"@id\":\"https:\\\/\\\/www.vmv-mbh.de\\\/#website\"},\"primaryImageOfPage\":{\"@id\":\"https:\\\/\\\/www.vmv-mbh.de\\\/die-vmv\\\/foerderung\\\/spnv-ersatzverkehr\\\/#primaryimage\"},\"image\":{\"@id\":\"https:\\\/\\\/www.vmv-mbh.de\\\/die-vmv\\\/foerderung\\\/spnv-ersatzverkehr\\\/#primaryimage\"},\"thumbnailUrl\":\"https:\\\/\\\/www.vmv-mbh.de\\\/wp-content\\\/uploads\\\/SPNV_ersatzverkehr640.jpg\",\"datePublished\":\"2022-02-08T11:36:12+00:00\",\"dateModified\":\"2022-08-03T09:16:35+00:00\",\"breadcrumb\":{\"@id\":\"https:\\\/\\\/www.vmv-mbh.de\\\/die-vmv\\\/foerderung\\\/spnv-ersatzverkehr\\\/#breadcrumb\"},\"inLanguage\":\"en-GB\",\"potentialAction\":[{\"@type\":\"ReadAction\",\"target\":[\"https:\\\/\\\/www.vmv-mbh.de\\\/die-vmv\\\/foerderung\\\/spnv-ersatzverkehr\\\/\"]}]},{\"@type\":\"ImageObject\",\"inLanguage\":\"en-GB\",\"@id\":\"https:\\\/\\\/www.vmv-mbh.de\\\/die-vmv\\\/foerderung\\\/spnv-ersatzverkehr\\\/#primaryimage\",\"url\":\"https:\\\/\\\/www.vmv-mbh.de\\\/wp-content\\\/uploads\\\/SPNV_ersatzverkehr640.jpg\",\"contentUrl\":\"https:\\\/\\\/www.vmv-mbh.de\\\/wp-content\\\/uploads\\\/SPNV_ersatzverkehr640.jpg\"},{\"@type\":\"BreadcrumbList\",\"@id\":\"https:\\\/\\\/www.vmv-mbh.de\\\/die-vmv\\\/foerderung\\\/spnv-ersatzverkehr\\\/#breadcrumb\",\"itemListElement\":[{\"@type\":\"ListItem\",\"position\":1,\"name\":\"Startseite\",\"item\":\"https:\\\/\\\/www.vmv-mbh.de\\\/\"},{\"@type\":\"ListItem\",\"position\":2,\"name\":\"Die VMV\",\"item\":\"https:\\\/\\\/www.vmv-mbh.de\\\/die-vmv\\\/\"},{\"@type\":\"ListItem\",\"position\":3,\"name\":\"F\u00f6rderung\",\"item\":\"https:\\\/\\\/www.vmv-mbh.de\\\/die-vmv\\\/foerderung\\\/\"},{\"@type\":\"ListItem\",\"position\":4,\"name\":\"SPNV Ersatzverkehr\"}]},{\"@type\":\"WebSite\",\"@id\":\"https:\\\/\\\/www.vmv-mbh.de\\\/#website\",\"url\":\"https:\\\/\\\/www.vmv-mbh.de\\\/\",\"name\":\"VMV-Verkehrsgesellschaft Mecklenburg-Vorpommern\",\"description\":\"VMV \u2013 Verkehrsgesellschaft M-V\",\"publisher\":{\"@id\":\"https:\\\/\\\/www.vmv-mbh.de\\\/#organization\"},\"potentialAction\":[{\"@type\":\"SearchAction\",\"target\":{\"@type\":\"EntryPoint\",\"urlTemplate\":\"https:\\\/\\\/www.vmv-mbh.de\\\/?s={search_term_string}\"},\"query-input\":{\"@type\":\"PropertyValueSpecification\",\"valueRequired\":true,\"valueName\":\"search_term_string\"}}],\"inLanguage\":\"en-GB\"},{\"@type\":\"Organization\",\"@id\":\"https:\\\/\\\/www.vmv-mbh.de\\\/#organization\",\"name\":\"VMV \u2013 Verkehrsgesellschaft Mecklenburg-Vorpommern mbH\",\"url\":\"https:\\\/\\\/www.vmv-mbh.de\\\/\",\"logo\":{\"@type\":\"ImageObject\",\"inLanguage\":\"en-GB\",\"@id\":\"https:\\\/\\\/www.vmv-mbh.de\\\/#\\\/schema\\\/logo\\\/image\\\/\",\"url\":\"https:\\\/\\\/www.vmv-mbh.de\\\/wp-content\\\/uploads\\\/brand-vmv-vmv-logo-quer-inv.png\",\"contentUrl\":\"https:\\\/\\\/www.vmv-mbh.de\\\/wp-content\\\/uploads\\\/brand-vmv-vmv-logo-quer-inv.png\",\"width\":384,\"height\":64,\"caption\":\"VMV \u2013 Verkehrsgesellschaft Mecklenburg-Vorpommern mbH\"},\"image\":{\"@id\":\"https:\\\/\\\/www.vmv-mbh.de\\\/#\\\/schema\\\/logo\\\/image\\\/\"}}]}<\/script>\n<!-- \/ Yoast SEO plugin. -->","yoast_head_json":{"title":"SPNV Ersatzverkehr - VMV-Verkehrsgesellschaft Mecklenburg-Vorpommern","robots":{"index":"index","follow":"follow","max-snippet":"max-snippet:-1","max-image-preview":"max-image-preview:large","max-video-preview":"max-video-preview:-1"},"canonical":"https:\/\/www.vmv-mbh.de\/en\/die-vmv\/foerderung\/spnv-ersatzverkehr\/","og_locale":"en_GB","og_type":"article","og_title":"SPNV Ersatzverkehr - VMV-Verkehrsgesellschaft Mecklenburg-Vorpommern","og_description":"Zusch\u00fcsse f\u00fcr den Linienverkehr auf der Stra\u00dfe Nicht jedes Ziel kann auf Schienen erreicht werden. Im \u00f6ffentlichen Personennahverkehr spielt auch das Stra\u00dfennetz eine Rolle. Der Linienbusverkehr liegt allerdings nicht in der Zust\u00e4ndigkeit der Landesregierung, hier sind die Kreis- und Stadtverwaltungen f\u00fcr die Sicherstellung des Bef\u00f6rderungsangebotes verantwortlich. Doch auch diese kommunalen Aufgabentr\u00e4ger k\u00f6nnen von der VMV&hellip;","og_url":"https:\/\/www.vmv-mbh.de\/en\/die-vmv\/foerderung\/spnv-ersatzverkehr\/","og_site_name":"VMV-Verkehrsgesellschaft Mecklenburg-Vorpommern","article_modified_time":"2022-08-03T09:16:35+00:00","og_image":[{"url":"https:\/\/www.vmv-mbh.de\/wp-content\/uploads\/SPNV_ersatzverkehr640.jpg","type":"","width":"","height":""}],"twitter_card":"summary_large_image","twitter_misc":{"Estimated reading time":"2 minutes"},"schema":{"@context":"https:\/\/schema.org","@graph":[{"@type":"WebPage","@id":"https:\/\/www.vmv-mbh.de\/die-vmv\/foerderung\/spnv-ersatzverkehr\/","url":"https:\/\/www.vmv-mbh.de\/die-vmv\/foerderung\/spnv-ersatzverkehr\/","name":"SPNV Ersatzverkehr - VMV-Verkehrsgesellschaft Mecklenburg-Vorpommern","isPartOf":{"@id":"https:\/\/www.vmv-mbh.de\/#website"},"primaryImageOfPage":{"@id":"https:\/\/www.vmv-mbh.de\/die-vmv\/foerderung\/spnv-ersatzverkehr\/#primaryimage"},"image":{"@id":"https:\/\/www.vmv-mbh.de\/die-vmv\/foerderung\/spnv-ersatzverkehr\/#primaryimage"},"thumbnailUrl":"https:\/\/www.vmv-mbh.de\/wp-content\/uploads\/SPNV_ersatzverkehr640.jpg","datePublished":"2022-02-08T11:36:12+00:00","dateModified":"2022-08-03T09:16:35+00:00","breadcrumb":{"@id":"https:\/\/www.vmv-mbh.de\/die-vmv\/foerderung\/spnv-ersatzverkehr\/#breadcrumb"},"inLanguage":"en-GB","potentialAction":[{"@type":"ReadAction","target":["https:\/\/www.vmv-mbh.de\/die-vmv\/foerderung\/spnv-ersatzverkehr\/"]}]},{"@type":"ImageObject","inLanguage":"en-GB","@id":"https:\/\/www.vmv-mbh.de\/die-vmv\/foerderung\/spnv-ersatzverkehr\/#primaryimage","url":"https:\/\/www.vmv-mbh.de\/wp-content\/uploads\/SPNV_ersatzverkehr640.jpg","contentUrl":"https:\/\/www.vmv-mbh.de\/wp-content\/uploads\/SPNV_ersatzverkehr640.jpg"},{"@type":"BreadcrumbList","@id":"https:\/\/www.vmv-mbh.de\/die-vmv\/foerderung\/spnv-ersatzverkehr\/#breadcrumb","itemListElement":[{"@type":"ListItem","position":1,"name":"Startseite","item":"https:\/\/www.vmv-mbh.de\/"},{"@type":"ListItem","position":2,"name":"Die VMV","item":"https:\/\/www.vmv-mbh.de\/die-vmv\/"},{"@type":"ListItem","position":3,"name":"F\u00f6rderung","item":"https:\/\/www.vmv-mbh.de\/die-vmv\/foerderung\/"},{"@type":"ListItem","position":4,"name":"SPNV Ersatzverkehr"}]},{"@type":"WebSite","@id":"https:\/\/www.vmv-mbh.de\/#website","url":"https:\/\/www.vmv-mbh.de\/","name":"VMV Transport Company Mecklenburg-Western Pomerania","description":"VMV - Verkehrsgesellschaft M-V","publisher":{"@id":"https:\/\/www.vmv-mbh.de\/#organization"},"potentialAction":[{"@type":"SearchAction","target":{"@type":"EntryPoint","urlTemplate":"https:\/\/www.vmv-mbh.de\/?s={search_term_string}"},"query-input":{"@type":"PropertyValueSpecification","valueRequired":true,"valueName":"search_term_string"}}],"inLanguage":"en-GB"},{"@type":"Organization","@id":"https:\/\/www.vmv-mbh.de\/#organization","name":"VMV - Verkehrsgesellschaft Mecklenburg-Vorpommern mbH","url":"https:\/\/www.vmv-mbh.de\/","logo":{"@type":"ImageObject","inLanguage":"en-GB","@id":"https:\/\/www.vmv-mbh.de\/#\/schema\/logo\/image\/","url":"https:\/\/www.vmv-mbh.de\/wp-content\/uploads\/brand-vmv-vmv-logo-quer-inv.png","contentUrl":"https:\/\/www.vmv-mbh.de\/wp-content\/uploads\/brand-vmv-vmv-logo-quer-inv.png","width":384,"height":64,"caption":"VMV \u2013 Verkehrsgesellschaft Mecklenburg-Vorpommern mbH"},"image":{"@id":"https:\/\/www.vmv-mbh.de\/#\/schema\/logo\/image\/"}}]}},"_links":{"self":[{"href":"https:\/\/www.vmv-mbh.de\/en\/wp-json\/wp\/v2\/pages\/155","targetHints":{"allow":["GET"]}}],"collection":[{"href":"https:\/\/www.vmv-mbh.de\/en\/wp-json\/wp\/v2\/pages"}],"about":[{"href":"https:\/\/www.vmv-mbh.de\/en\/wp-json\/wp\/v2\/types\/page"}],"author":[{"embeddable":true,"href":"https:\/\/www.vmv-mbh.de\/en\/wp-json\/wp\/v2\/users\/7"}],"replies":[{"embeddable":true,"href":"https:\/\/www.vmv-mbh.de\/en\/wp-json\/wp\/v2\/comments?post=155"}],"version-history":[{"count":0,"href":"https:\/\/www.vmv-mbh.de\/en\/wp-json\/wp\/v2\/pages\/155\/revisions"}],"up":[{"embeddable":true,"href":"https:\/\/www.vmv-mbh.de\/en\/wp-json\/wp\/v2\/pages\/61"}],"wp:attachment":[{"href":"https:\/\/www.vmv-mbh.de\/en\/wp-json\/wp\/v2\/media?parent=155"}],"curies":[{"name":"wp","href":"https:\/\/api.w.org\/{rel}","templated":true}]}}