{"id":2105,"date":"2023-04-11T15:34:38","date_gmt":"2023-04-11T13:34:38","guid":{"rendered":"https:\/\/www.vmv-mbh.de\/?page_id=2105"},"modified":"2023-05-17T11:14:37","modified_gmt":"2023-05-17T09:14:37","slug":"investitionsfoerderung-fuer-den-aufbau-digitaler-vertriebs-und-kontrollstrukturen","status":"publish","type":"page","link":"https:\/\/www.vmv-mbh.de\/en\/die-vmv\/foerderung\/investitionsfoerderung-fuer-den-aufbau-digitaler-vertriebs-und-kontrollstrukturen\/","title":{"rendered":"Investment support for the development of digital distribution and control structures"},"content":{"rendered":"<div data-elementor-type=\"wp-page\" data-elementor-id=\"2105\" class=\"elementor elementor-2105\" data-elementor-post-type=\"page\">\n\t\t\t\t\t\t<section class=\"elementor-section elementor-top-section elementor-element elementor-element-fa61ad9 elementor-section-boxed elementor-section-height-default elementor-section-height-default\" data-id=\"fa61ad9\" data-element_type=\"section\" data-e-type=\"section\">\n\t\t\t\t\t\t<div class=\"elementor-container elementor-column-gap-custom\">\n\t\t\t\t\t<div class=\"elementor-column elementor-col-100 elementor-top-column elementor-element elementor-element-835e2e4\" data-id=\"835e2e4\" data-element_type=\"column\" data-e-type=\"column\">\n\t\t\t<div class=\"elementor-widget-wrap elementor-element-populated\">\n\t\t\t\t\t\t<div class=\"elementor-element elementor-element-8af2218 h3 elementor-widget elementor-widget-heading\" data-id=\"8af2218\" data-element_type=\"widget\" data-e-type=\"widget\" data-widget_type=\"heading.default\">\n\t\t\t\t<div class=\"elementor-widget-container\">\n\t\t\t\t\t<h1 class=\"elementor-heading-title elementor-size-default\">Invest intelligently<\/h1>\t\t\t\t<\/div>\n\t\t\t\t<\/div>\n\t\t\t\t<div class=\"elementor-element elementor-element-62dac23 lead elementor-widget elementor-widget-text-editor\" data-id=\"62dac23\" data-element_type=\"widget\" data-e-type=\"widget\" data-widget_type=\"text-editor.default\">\n\t\t\t\t<div class=\"elementor-widget-container\">\n\t\t\t\t\t\t\t\t\t<p>\"We want to become more digital\". This is a goal of the state of Mecklenburg-Vorpommern.<\/p>\t\t\t\t\t\t\t\t<\/div>\n\t\t\t\t<\/div>\n\t\t\t\t<div class=\"elementor-element elementor-element-4020705 elementor-widget elementor-widget-text-editor\" data-id=\"4020705\" data-element_type=\"widget\" data-e-type=\"widget\" data-widget_type=\"text-editor.default\">\n\t\t\t\t<div class=\"elementor-widget-container\">\n\t\t\t\t\t\t\t\t\t<p>Digitalisation offers the opportunity to make public transport services more attractive and more tailored to people's needs. For the introduction of the Deutschlandticket as a digital ticket, new framework conditions and increased pressure to act have arisen to advance digitalisation in public transport as quickly as possible. With the \"(((eTicket\" Germany standard, all the necessary prerequisites exist to issue digital tickets in standardised formats and to be able to control them interoperably across companies.<\/p><p>The grants from the state of Mecklenburg-Western Pomerania support the transport companies in setting up a comprehensive technical infrastructure in the state of Mecklenburg-Western Pomerania that makes it possible to issue and check electronic, climate-neutral travel authorisations.<\/p><p>The Ministry of Economic Affairs, Infrastructure, Tourism and Labour shall, in agreement with the Ministry of Finance and after hearing the State Audit Office, issue a funding guideline for the granting of subsidies for investments in the development of digital distribution and control structures in local public transport in the State of Mecklenburg-Western Pomerania.<\/p><p>The funding is aimed at transport companies in the state of Mecklenburg-Vorpommern and was approved by the Ministry of Economic Affairs, Infrastructure, Tourism and Labour. This funding comes into force retroactively as of 01.01.2023.<\/p><p>Conditions and further information on the funding principles of the guideline for the granting of subsidies for investments in the development of digital distribution and control structures in local public transport (\u00d6PNV) in the state of Mecklenburg-Vorpommern (InvestDigi\u00d6PNVRL M-V) can be found at <a href=\"https:\/\/www.vmv-mbh.de\/wp-content\/uploads\/Richtlinie-pdf.pdf\" target=\"_blank\" rel=\"noopener\">here<\/a> can be taken.<\/p><p>You can find the relevant application and attachments at <a href=\"https:\/\/www.vmv-mbh.de\/en\/die-vmv\/foerderung\/downloads\/\" target=\"_blank\" rel=\"noopener\">Downloads<\/a>.<\/p>\t\t\t\t\t\t\t\t<\/div>\n\t\t\t\t<\/div>\n\t\t\t\t<div class=\"elementor-element elementor-element-050de0f elementor-align-left pdf-btn elementor-widget elementor-widget-button\" data-id=\"050de0f\" data-element_type=\"widget\" data-e-type=\"widget\" data-widget_type=\"button.default\">\n\t\t\t\t<div class=\"elementor-widget-container\">\n\t\t\t\t\t\t\t\t\t<div class=\"elementor-button-wrapper\">\n\t\t\t\t\t<a class=\"elementor-button elementor-button-link elementor-size-sm\" href=\"https:\/\/www.vmv-mbh.de\/wp-content\/uploads\/Richtlinie-pdf.pdf\" target=\"_blank\">\n\t\t\t\t\t\t<span class=\"elementor-button-content-wrapper\">\n\t\t\t\t\t\t<span class=\"elementor-button-icon\">\n\t\t\t\t<i aria-hidden=\"true\" class=\"fas fa-cloud-download\"><\/i>\t\t\t<\/span>\n\t\t\t\t\t\t\t\t\t<span class=\"elementor-button-text\">InvestDigi\u00d6PNVRL M-V<\/span>\n\t\t\t\t\t<\/span>\n\t\t\t\t\t<\/a>\n\t\t\t\t<\/div>\n\t\t\t\t\t\t\t\t<\/div>\n\t\t\t\t<\/div>\n\t\t\t\t\t<\/div>\n\t\t<\/div>\n\t\t\t\t\t<\/div>\n\t\t<\/section>\n\t\t\t\t<section class=\"elementor-section elementor-top-section elementor-element elementor-element-1c7fa78 elementor-section-stretched elementor-section-boxed elementor-section-height-default elementor-section-height-default\" data-id=\"1c7fa78\" data-element_type=\"section\" data-e-type=\"section\" data-settings=\"{&quot;stretch_section&quot;:&quot;section-stretched&quot;,&quot;background_background&quot;:&quot;classic&quot;}\">\n\t\t\t\t\t\t<div class=\"elementor-container elementor-column-gap-default\">\n\t\t\t\t\t<div class=\"elementor-column elementor-col-100 elementor-top-column elementor-element elementor-element-e0e2545\" data-id=\"e0e2545\" data-element_type=\"column\" data-e-type=\"column\">\n\t\t\t<div class=\"elementor-widget-wrap elementor-element-populated\">\n\t\t\t\t\t\t<div class=\"elementor-element elementor-element-d30b248 H5 elementor-widget elementor-widget-heading\" data-id=\"d30b248\" data-element_type=\"widget\" data-e-type=\"widget\" data-widget_type=\"heading.default\">\n\t\t\t\t<div class=\"elementor-widget-container\">\n\t\t\t\t\t<h5 class=\"elementor-heading-title elementor-size-default\">Further information and downloads:<\/h5>\t\t\t\t<\/div>\n\t\t\t\t<\/div>\n\t\t\t\t<div class=\"elementor-element elementor-element-ffdd670 lead elementor-icon-list--layout-traditional elementor-list-item-link-full_width elementor-widget elementor-widget-icon-list\" data-id=\"ffdd670\" data-element_type=\"widget\" data-e-type=\"widget\" data-widget_type=\"icon-list.default\">\n\t\t\t\t<div class=\"elementor-widget-container\">\n\t\t\t\t\t\t\t<ul class=\"elementor-icon-list-items\">\n\t\t\t\t\t\t\t<li class=\"elementor-icon-list-item\">\n\t\t\t\t\t\t\t\t\t\t\t<a href=\"https:\/\/www.vmv-mbh.de\/en\/die-vmv\/foerderung\/spnv-ersatzverkehr\/\">\n\n\t\t\t\t\t\t\t\t\t\t\t\t<span class=\"elementor-icon-list-icon\">\n\t\t\t\t\t\t\t<i aria-hidden=\"true\" class=\"fas fa-arrow-right\"><\/i>\t\t\t\t\t\t<\/span>\n\t\t\t\t\t\t\t\t\t\t<span class=\"elementor-icon-list-text\">Replacements for local rail transport<\/span>\n\t\t\t\t\t\t\t\t\t\t\t<\/a>\n\t\t\t\t\t\t\t\t\t<\/li>\n\t\t\t\t\t\t\t\t<li class=\"elementor-icon-list-item\">\n\t\t\t\t\t\t\t\t\t\t\t<a href=\"https:\/\/www.vmv-mbh.de\/en\/die-vmv\/foerderung\/individueller-bedarfsverkehr\/\">\n\n\t\t\t\t\t\t\t\t\t\t\t\t<span class=\"elementor-icon-list-icon\">\n\t\t\t\t\t\t\t<i aria-hidden=\"true\" class=\"fas fa-arrow-right\"><\/i>\t\t\t\t\t\t<\/span>\n\t\t\t\t\t\t\t\t\t\t<span class=\"elementor-icon-list-text\">Individual on-demand transport<\/span>\n\t\t\t\t\t\t\t\t\t\t\t<\/a>\n\t\t\t\t\t\t\t\t\t<\/li>\n\t\t\t\t\t\t\t\t<li class=\"elementor-icon-list-item\">\n\t\t\t\t\t\t\t\t\t\t\t<a href=\"https:\/\/www.vmv-mbh.de\/en\/die-vmv\/foerderung\/downloads\/\">\n\n\t\t\t\t\t\t\t\t\t\t\t\t<span class=\"elementor-icon-list-icon\">\n\t\t\t\t\t\t\t<i aria-hidden=\"true\" class=\"fas fa-arrow-right\"><\/i>\t\t\t\t\t\t<\/span>\n\t\t\t\t\t\t\t\t\t\t<span class=\"elementor-icon-list-text\">Current regulations and legislation to download<\/span>\n\t\t\t\t\t\t\t\t\t\t\t<\/a>\n\t\t\t\t\t\t\t\t\t<\/li>\n\t\t\t\t\t\t<\/ul>\n\t\t\t\t\t\t<\/div>\n\t\t\t\t<\/div>\n\t\t\t\t\t<\/div>\n\t\t<\/div>\n\t\t\t\t\t<\/div>\n\t\t<\/section>\n\t\t\t\t<\/div>","protected":false},"excerpt":{"rendered":"<p>Investing intelligently \"We want to become more digital\". This is a goal of the state of Mecklenburg-Vorpommern. Digitalisation offers the opportunity to make public transport services more attractive and more tailored to people's needs. For the introduction of the Deutschlandticket as a digital ticket, new framework conditions and increased pressure to act have arisen to advance digitalisation in public transport as quickly as possible. With the standard \"(((eTicket\" Germany...<\/p>","protected":false},"author":6,"featured_media":0,"parent":61,"menu_order":48,"comment_status":"closed","ping_status":"closed","template":"","meta":{"_acf_changed":false,"footnotes":""},"class_list":["post-2105","page","type-page","status-publish","hentry"],"acf":[],"yoast_head":"<!-- This site is optimized with the Yoast SEO plugin v27.4 - https:\/\/yoast.com\/product\/yoast-seo-wordpress\/ -->\n<title>Investitionsf\u00f6rderung f\u00fcr den Aufbau digitaler Vertriebs- und Kontrollstrukturen - VMV-Verkehrsgesellschaft Mecklenburg-Vorpommern<\/title>\n<meta name=\"description\" content=\"Digitalisierung bietet die Chance, die \u00f6ffentlichen Verkehrsdienstleistungen f\u00fcr die Menschen attraktiver und passgenauer zu gestalten. Zur Einf\u00fchrung des Deutschlandtickets als digitales Ticket haben sich neue Rahmenbedingungen und erh\u00f6hter Handlungsdruck ergeben, die Digitalisierung im \u00d6PNV m\u00f6glichst schnell voranzutreiben.\" \/>\n<meta name=\"robots\" content=\"index, follow, max-snippet:-1, max-image-preview:large, max-video-preview:-1\" \/>\n<link rel=\"canonical\" href=\"https:\/\/www.vmv-mbh.de\/en\/die-vmv\/foerderung\/investitionsfoerderung-fuer-den-aufbau-digitaler-vertriebs-und-kontrollstrukturen\/\" \/>\n<meta property=\"og:locale\" content=\"en_GB\" \/>\n<meta property=\"og:type\" content=\"article\" \/>\n<meta property=\"og:title\" content=\"Investitionsf\u00f6rderung f\u00fcr den Aufbau digitaler Vertriebs- und Kontrollstrukturen - VMV-Verkehrsgesellschaft Mecklenburg-Vorpommern\" \/>\n<meta property=\"og:description\" content=\"Digitalisierung bietet die Chance, die \u00f6ffentlichen Verkehrsdienstleistungen f\u00fcr die Menschen attraktiver und passgenauer zu gestalten. Zur Einf\u00fchrung des Deutschlandtickets als digitales Ticket haben sich neue Rahmenbedingungen und erh\u00f6hter Handlungsdruck ergeben, die Digitalisierung im \u00d6PNV m\u00f6glichst schnell voranzutreiben.\" \/>\n<meta property=\"og:url\" content=\"https:\/\/www.vmv-mbh.de\/en\/die-vmv\/foerderung\/investitionsfoerderung-fuer-den-aufbau-digitaler-vertriebs-und-kontrollstrukturen\/\" \/>\n<meta property=\"og:site_name\" content=\"VMV-Verkehrsgesellschaft Mecklenburg-Vorpommern\" \/>\n<meta property=\"article:modified_time\" content=\"2023-05-17T09:14:37+00:00\" \/>\n<meta name=\"twitter:card\" content=\"summary_large_image\" \/>\n<meta name=\"twitter:label1\" content=\"Estimated reading time\" \/>\n\t<meta name=\"twitter:data1\" content=\"2 minutes\" \/>\n<script type=\"application\/ld+json\" class=\"yoast-schema-graph\">{\"@context\":\"https:\\\/\\\/schema.org\",\"@graph\":[{\"@type\":\"WebPage\",\"@id\":\"https:\\\/\\\/www.vmv-mbh.de\\\/die-vmv\\\/foerderung\\\/investitionsfoerderung-fuer-den-aufbau-digitaler-vertriebs-und-kontrollstrukturen\\\/\",\"url\":\"https:\\\/\\\/www.vmv-mbh.de\\\/die-vmv\\\/foerderung\\\/investitionsfoerderung-fuer-den-aufbau-digitaler-vertriebs-und-kontrollstrukturen\\\/\",\"name\":\"Investitionsf\u00f6rderung f\u00fcr den Aufbau digitaler Vertriebs- und Kontrollstrukturen - VMV-Verkehrsgesellschaft Mecklenburg-Vorpommern\",\"isPartOf\":{\"@id\":\"https:\\\/\\\/www.vmv-mbh.de\\\/#website\"},\"datePublished\":\"2023-04-11T13:34:38+00:00\",\"dateModified\":\"2023-05-17T09:14:37+00:00\",\"description\":\"Digitalisierung bietet die Chance, die \u00f6ffentlichen Verkehrsdienstleistungen f\u00fcr die Menschen attraktiver und passgenauer zu gestalten. Zur Einf\u00fchrung des Deutschlandtickets als digitales Ticket haben sich neue Rahmenbedingungen und erh\u00f6hter Handlungsdruck ergeben, die Digitalisierung im \u00d6PNV m\u00f6glichst schnell voranzutreiben.\",\"breadcrumb\":{\"@id\":\"https:\\\/\\\/www.vmv-mbh.de\\\/die-vmv\\\/foerderung\\\/investitionsfoerderung-fuer-den-aufbau-digitaler-vertriebs-und-kontrollstrukturen\\\/#breadcrumb\"},\"inLanguage\":\"en-GB\",\"potentialAction\":[{\"@type\":\"ReadAction\",\"target\":[\"https:\\\/\\\/www.vmv-mbh.de\\\/die-vmv\\\/foerderung\\\/investitionsfoerderung-fuer-den-aufbau-digitaler-vertriebs-und-kontrollstrukturen\\\/\"]}]},{\"@type\":\"BreadcrumbList\",\"@id\":\"https:\\\/\\\/www.vmv-mbh.de\\\/die-vmv\\\/foerderung\\\/investitionsfoerderung-fuer-den-aufbau-digitaler-vertriebs-und-kontrollstrukturen\\\/#breadcrumb\",\"itemListElement\":[{\"@type\":\"ListItem\",\"position\":1,\"name\":\"Startseite\",\"item\":\"https:\\\/\\\/www.vmv-mbh.de\\\/\"},{\"@type\":\"ListItem\",\"position\":2,\"name\":\"Die VMV\",\"item\":\"https:\\\/\\\/www.vmv-mbh.de\\\/en\\\/die-vmv\\\/\"},{\"@type\":\"ListItem\",\"position\":3,\"name\":\"F\u00f6rderung\",\"item\":\"https:\\\/\\\/www.vmv-mbh.de\\\/die-vmv\\\/foerderung\\\/\"},{\"@type\":\"ListItem\",\"position\":4,\"name\":\"Investitionsf\u00f6rderung f\u00fcr den Aufbau digitaler Vertriebs- und Kontrollstrukturen\"}]},{\"@type\":\"WebSite\",\"@id\":\"https:\\\/\\\/www.vmv-mbh.de\\\/#website\",\"url\":\"https:\\\/\\\/www.vmv-mbh.de\\\/\",\"name\":\"VMV-Verkehrsgesellschaft Mecklenburg-Vorpommern\",\"description\":\"VMV \u2013 Verkehrsgesellschaft M-V\",\"publisher\":{\"@id\":\"https:\\\/\\\/www.vmv-mbh.de\\\/#organization\"},\"potentialAction\":[{\"@type\":\"SearchAction\",\"target\":{\"@type\":\"EntryPoint\",\"urlTemplate\":\"https:\\\/\\\/www.vmv-mbh.de\\\/?s={search_term_string}\"},\"query-input\":{\"@type\":\"PropertyValueSpecification\",\"valueRequired\":true,\"valueName\":\"search_term_string\"}}],\"inLanguage\":\"en-GB\"},{\"@type\":\"Organization\",\"@id\":\"https:\\\/\\\/www.vmv-mbh.de\\\/#organization\",\"name\":\"VMV \u2013 Verkehrsgesellschaft Mecklenburg-Vorpommern mbH\",\"url\":\"https:\\\/\\\/www.vmv-mbh.de\\\/\",\"logo\":{\"@type\":\"ImageObject\",\"inLanguage\":\"en-GB\",\"@id\":\"https:\\\/\\\/www.vmv-mbh.de\\\/#\\\/schema\\\/logo\\\/image\\\/\",\"url\":\"https:\\\/\\\/www.vmv-mbh.de\\\/wp-content\\\/uploads\\\/brand-vmv-vmv-logo-quer-inv.png\",\"contentUrl\":\"https:\\\/\\\/www.vmv-mbh.de\\\/wp-content\\\/uploads\\\/brand-vmv-vmv-logo-quer-inv.png\",\"width\":384,\"height\":64,\"caption\":\"VMV \u2013 Verkehrsgesellschaft Mecklenburg-Vorpommern mbH\"},\"image\":{\"@id\":\"https:\\\/\\\/www.vmv-mbh.de\\\/#\\\/schema\\\/logo\\\/image\\\/\"}}]}<\/script>\n<!-- \/ Yoast SEO plugin. -->","yoast_head_json":{"title":"Investitionsf\u00f6rderung f\u00fcr den Aufbau digitaler Vertriebs- und Kontrollstrukturen - VMV-Verkehrsgesellschaft Mecklenburg-Vorpommern","description":"Digitisation offers the opportunity to make public transport services more attractive and more tailored to people's needs. For the introduction of the Deutschlandticket as a digital ticket, new framework conditions and increased pressure to act have arisen to advance digitalisation in public transport as quickly as possible.","robots":{"index":"index","follow":"follow","max-snippet":"max-snippet:-1","max-image-preview":"max-image-preview:large","max-video-preview":"max-video-preview:-1"},"canonical":"https:\/\/www.vmv-mbh.de\/en\/die-vmv\/foerderung\/investitionsfoerderung-fuer-den-aufbau-digitaler-vertriebs-und-kontrollstrukturen\/","og_locale":"en_GB","og_type":"article","og_title":"Investitionsf\u00f6rderung f\u00fcr den Aufbau digitaler Vertriebs- und Kontrollstrukturen - VMV-Verkehrsgesellschaft Mecklenburg-Vorpommern","og_description":"Digitalisierung bietet die Chance, die \u00f6ffentlichen Verkehrsdienstleistungen f\u00fcr die Menschen attraktiver und passgenauer zu gestalten. Zur Einf\u00fchrung des Deutschlandtickets als digitales Ticket haben sich neue Rahmenbedingungen und erh\u00f6hter Handlungsdruck ergeben, die Digitalisierung im \u00d6PNV m\u00f6glichst schnell voranzutreiben.","og_url":"https:\/\/www.vmv-mbh.de\/en\/die-vmv\/foerderung\/investitionsfoerderung-fuer-den-aufbau-digitaler-vertriebs-und-kontrollstrukturen\/","og_site_name":"VMV-Verkehrsgesellschaft Mecklenburg-Vorpommern","article_modified_time":"2023-05-17T09:14:37+00:00","twitter_card":"summary_large_image","twitter_misc":{"Estimated reading time":"2 minutes"},"schema":{"@context":"https:\/\/schema.org","@graph":[{"@type":"WebPage","@id":"https:\/\/www.vmv-mbh.de\/die-vmv\/foerderung\/investitionsfoerderung-fuer-den-aufbau-digitaler-vertriebs-und-kontrollstrukturen\/","url":"https:\/\/www.vmv-mbh.de\/die-vmv\/foerderung\/investitionsfoerderung-fuer-den-aufbau-digitaler-vertriebs-und-kontrollstrukturen\/","name":"Investitionsf\u00f6rderung f\u00fcr den Aufbau digitaler Vertriebs- und Kontrollstrukturen - VMV-Verkehrsgesellschaft Mecklenburg-Vorpommern","isPartOf":{"@id":"https:\/\/www.vmv-mbh.de\/#website"},"datePublished":"2023-04-11T13:34:38+00:00","dateModified":"2023-05-17T09:14:37+00:00","description":"Digitisation offers the opportunity to make public transport services more attractive and more tailored to people's needs. For the introduction of the Deutschlandticket as a digital ticket, new framework conditions and increased pressure to act have arisen to advance digitalisation in public transport as quickly as possible.","breadcrumb":{"@id":"https:\/\/www.vmv-mbh.de\/die-vmv\/foerderung\/investitionsfoerderung-fuer-den-aufbau-digitaler-vertriebs-und-kontrollstrukturen\/#breadcrumb"},"inLanguage":"en-GB","potentialAction":[{"@type":"ReadAction","target":["https:\/\/www.vmv-mbh.de\/die-vmv\/foerderung\/investitionsfoerderung-fuer-den-aufbau-digitaler-vertriebs-und-kontrollstrukturen\/"]}]},{"@type":"BreadcrumbList","@id":"https:\/\/www.vmv-mbh.de\/die-vmv\/foerderung\/investitionsfoerderung-fuer-den-aufbau-digitaler-vertriebs-und-kontrollstrukturen\/#breadcrumb","itemListElement":[{"@type":"ListItem","position":1,"name":"Startseite","item":"https:\/\/www.vmv-mbh.de\/"},{"@type":"ListItem","position":2,"name":"Die VMV","item":"https:\/\/www.vmv-mbh.de\/en\/die-vmv\/"},{"@type":"ListItem","position":3,"name":"F\u00f6rderung","item":"https:\/\/www.vmv-mbh.de\/die-vmv\/foerderung\/"},{"@type":"ListItem","position":4,"name":"Investitionsf\u00f6rderung f\u00fcr den Aufbau digitaler Vertriebs- und Kontrollstrukturen"}]},{"@type":"WebSite","@id":"https:\/\/www.vmv-mbh.de\/#website","url":"https:\/\/www.vmv-mbh.de\/","name":"VMV Transport Company Mecklenburg-Western Pomerania","description":"VMV - Verkehrsgesellschaft M-V","publisher":{"@id":"https:\/\/www.vmv-mbh.de\/#organization"},"potentialAction":[{"@type":"SearchAction","target":{"@type":"EntryPoint","urlTemplate":"https:\/\/www.vmv-mbh.de\/?s={search_term_string}"},"query-input":{"@type":"PropertyValueSpecification","valueRequired":true,"valueName":"search_term_string"}}],"inLanguage":"en-GB"},{"@type":"Organization","@id":"https:\/\/www.vmv-mbh.de\/#organization","name":"VMV - Verkehrsgesellschaft Mecklenburg-Vorpommern mbH","url":"https:\/\/www.vmv-mbh.de\/","logo":{"@type":"ImageObject","inLanguage":"en-GB","@id":"https:\/\/www.vmv-mbh.de\/#\/schema\/logo\/image\/","url":"https:\/\/www.vmv-mbh.de\/wp-content\/uploads\/brand-vmv-vmv-logo-quer-inv.png","contentUrl":"https:\/\/www.vmv-mbh.de\/wp-content\/uploads\/brand-vmv-vmv-logo-quer-inv.png","width":384,"height":64,"caption":"VMV \u2013 Verkehrsgesellschaft Mecklenburg-Vorpommern mbH"},"image":{"@id":"https:\/\/www.vmv-mbh.de\/#\/schema\/logo\/image\/"}}]}},"_links":{"self":[{"href":"https:\/\/www.vmv-mbh.de\/en\/wp-json\/wp\/v2\/pages\/2105","targetHints":{"allow":["GET"]}}],"collection":[{"href":"https:\/\/www.vmv-mbh.de\/en\/wp-json\/wp\/v2\/pages"}],"about":[{"href":"https:\/\/www.vmv-mbh.de\/en\/wp-json\/wp\/v2\/types\/page"}],"author":[{"embeddable":true,"href":"https:\/\/www.vmv-mbh.de\/en\/wp-json\/wp\/v2\/users\/6"}],"replies":[{"embeddable":true,"href":"https:\/\/www.vmv-mbh.de\/en\/wp-json\/wp\/v2\/comments?post=2105"}],"version-history":[{"count":0,"href":"https:\/\/www.vmv-mbh.de\/en\/wp-json\/wp\/v2\/pages\/2105\/revisions"}],"up":[{"embeddable":true,"href":"https:\/\/www.vmv-mbh.de\/en\/wp-json\/wp\/v2\/pages\/61"}],"wp:attachment":[{"href":"https:\/\/www.vmv-mbh.de\/en\/wp-json\/wp\/v2\/media?parent=2105"}],"curies":[{"name":"wp","href":"https:\/\/api.w.org\/{rel}","templated":true}]}}