{"id":5,"date":"2022-01-13T08:58:07","date_gmt":"2022-01-13T08:58:07","guid":{"rendered":"https:\/\/www.vmv-mbh.de\/?page_id=5"},"modified":"2026-02-25T11:03:15","modified_gmt":"2026-02-25T10:03:15","slug":"kontakt","status":"publish","type":"page","link":"https:\/\/www.vmv-mbh.de\/en\/kontakt\/","title":{"rendered":"Contact"},"content":{"rendered":"\n<h3 class=\"wp-block-heading\">Fragen, W\u00fcnsche, Anregungen? Schreiben Sie uns!<\/h3>\n\n\n\n<p>Ihre Angaben verwenden wir f\u00fcr die Beantwortung Ihrer Anfrage bzw. zur Kontaktaufnahme. Sie k\u00f6nnen Ihre erteilte Einwilligung jederzeit mit Wirkung f\u00fcr die Zukunft widerrufen. Im Falle des Widerrufs werden Ihre Daten umgehend gel\u00f6scht. Ihre Daten werden ansonsten gel\u00f6scht, wenn wir Ihre Anfrage bearbeitet haben oder der Zweck der Speicherung entfallen ist. Sie k\u00f6nnen sich jederzeit \u00fcber die zu Ihrer Person gespeicherten Daten informieren. Weitere Informationen zum Datenschutz finden Sie auch in der&nbsp;<a href=\"https:\/\/www.vmv-mbh.de\/datenschutz\">Datenschutzerkl\u00e4rung<\/a>&nbsp;dieser Webseite. (*Pflichtfelder)<\/p>\n\n\n<form class=\"af-form acf-form\" method=\"POST\" action=\"https:\/\/www.vmv-mbh.de\/en\/wp-json\/wp\/v2\/pages\/5\" id=\"form_681c62c992b22\" data-key=\"form_681c62c992b22\"><div class=\"af-fields acf-fields acf-form-fields -top\">\t<div id=\"acf-form-data\" class=\"acf-hidden\">\n\t\t<input type=\"hidden\" id=\"_acf_screen\" name=\"_acf_screen\" value=\"acf_form\"\/><input type=\"hidden\" id=\"_acf_post_id\" name=\"_acf_post_id\" value=\"0\"\/><input type=\"hidden\" id=\"_acf_validation\" name=\"_acf_validation\" value=\"1\"\/><input type=\"hidden\" id=\"_acf_form\" name=\"_acf_form\" value=\"0\"\/><input type=\"hidden\" id=\"_acf_nonce\" name=\"_acf_nonce\" value=\"7c1d43e5f3\"\/><input type=\"hidden\" id=\"_acf_changed\" name=\"_acf_changed\" value=\"0\"\/>\t<\/div>\n\t<div class=\"acf-hidden\"><input type=\"hidden\" name=\"_acfnonce\" value=\"aeaa405ee0\"><input type=\"hidden\" name=\"nonce\" value=\"aeaa405ee0\"><input type=\"hidden\" name=\"af_form\" value=\"form_681c62c992b22\"><input type=\"hidden\" name=\"af_form_args\" value=\"eyJhamF4IjpmYWxzZSwiZGlzcGxheV90aXRsZSI6ZmFsc2UsImRpc3BsYXlfZGVzY3JpcHRpb24iOmZhbHNlLCJpZCI6ImZvcm1fNjgxYzYyYzk5MmIyMiIsInZhbHVlcyI6W10sInN1Ym1pdF90ZXh0IjoiU3VibWl0IiwicmVkaXJlY3QiOm51bGwsInRhcmdldCI6Imh0dHBzOlwvXC93d3cudm12LW1iaC5kZVwvZW5cL3dwLWpzb25cL3dwXC92MlwvcGFnZXNcLzUiLCJlY2hvIjp0cnVlLCJleGNsdWRlX2ZpZWxkcyI6W10sInVwbG9hZGVyIjoid3AiLCJmaWx0ZXJfbW9kZSI6ZmFsc2UsImxhYmVsX3BsYWNlbWVudCI6InRvcCIsImluc3RydWN0aW9uX3BsYWNlbWVudCI6ImxhYmVsIiwiaG9uZXlwb3QiOnRydWV9\"><input type=\"hidden\" name=\"_acf_form\" value=\"eyJhamF4IjpmYWxzZSwiZGlzcGxheV90aXRsZSI6ZmFsc2UsImRpc3BsYXlfZGVzY3JpcHRpb24iOmZhbHNlLCJpZCI6ImZvcm1fNjgxYzYyYzk5MmIyMiIsInZhbHVlcyI6W10sInN1Ym1pdF90ZXh0IjoiU3VibWl0IiwicmVkaXJlY3QiOm51bGwsInRhcmdldCI6Imh0dHBzOlwvXC93d3cudm12LW1iaC5kZVwvZW5cL3dwLWpzb25cL3dwXC92MlwvcGFnZXNcLzUiLCJlY2hvIjp0cnVlLCJleGNsdWRlX2ZpZWxkcyI6W10sInVwbG9hZGVyIjoid3AiLCJmaWx0ZXJfbW9kZSI6ZmFsc2UsImxhYmVsX3BsYWNlbWVudCI6InRvcCIsImluc3RydWN0aW9uX3BsYWNlbWVudCI6ImxhYmVsIiwiaG9uZXlwb3QiOnRydWV9\"><input type=\"hidden\" name=\"af_form_nonce\" value=\"e7aa2a0d7e\"><label for=\"af_email_for_non_humans_form_681c62c992b22\" aria-hidden=\"true\">Email for non-humans<\/label><input type=\"text\" name=\"email_for_non_humans\" id=\"af_email_for_non_humans_form_681c62c992b22\" tabindex=\"-1\" autocomplete=\"off\" \/><input type=\"hidden\" name=\"af_origin_url\" value=\"https:\/\/www.vmv-mbh.de\/en\/wp-json\/wp\/v2\/pages\/5\" \/><\/div><div class=\"submit-toggle af-field af-field-type-select af-field-thema acf-field acf-field-select acf-field-681c62bc7b00d\" data-name=\"thema\" data-key=\"field_681c62bc7b00d\" data-type=\"select\"><div class=\"af-label acf-label\"><label for=\"acf-field_681c62bc7b00d\">Thema<\/label><\/div><div class=\"af-input acf-input\"><select id=\"acf-field_681c62bc7b00d\" class=\"\" name=\"acf[field_681c62bc7b00d]\" data-ui=\"0\" data-ajax=\"0\" data-multiple=\"0\" data-placeholder=\"Select\" data-allow_null=\"0\"><option value=\"keins_hide_submit\">Bitte Thema w\u00e4hlen<\/option><option value=\"de_ticket_senioren_hide_submit\">Deutschlandticket f\u00fcr Senioren aus MV?<\/option><option value=\"de_ticket_azubis_hide_submit\">Deutschlandticket f\u00fcr Azubis in MV?<\/option><option value=\"fahrplanauskunft_hide_submit\">Suchen Sie eine Fahrplanauskunft?<\/option><option value=\"fahrplanauskunft_technik\">Haben Sie eine technische Anfrage zur Fahrplanauskunft?<\/option><option value=\"sonstiges\">Sonstiges<\/option><\/select><\/div><\/div><div class=\"af-field af-field-type-message af-field- acf-field acf-field-message acf-field-681c64ff31f3a\" data-name=\"\" data-key=\"field_681c64ff31f3a\" data-type=\"message\" data-conditions=\"[[{&quot;field&quot;:&quot;field_681c62bc7b00d&quot;,&quot;operator&quot;:&quot;==&quot;,&quot;value&quot;:&quot;de_ticket_senioren_hide_submit&quot;}]]\"><div class=\"af-label acf-label\"><label for=\"acf-field_681c64ff31f3a\">Deutschlandticket f\u00fcr Senioren aus MV?<\/label><\/div><div class=\"af-input acf-input\"><p>Wir als VMV \u2013 Verkehrsgesellschaft Mecklenburg-Vorpommern mbH, sind nicht der Vertriebsdienstleister f\u00fcr das Deutschland-Ticket und haben somit keinen Zugriff auf bestehende oder zuk\u00fcnftige Abos. <\/p>\n<p>Bitte wenden Sie sich mit Ihrem Anliegen an unseren Vertriebsdienstleister, den Verkehrsverbund Warnow (VVW), unter der Servicehotline: 0381\/8021900 von Mo. \u2013 Fr.: 8 \u2013 16 Uhr oder via Mail unter: <a href=\"mailto:abo@d-ticket-senioren.de\">abo@d-ticket-senioren.de<\/a>. <\/p>\n<p>Vielen Dank, Ihre VMV-Verkehrsgesellschaft Mecklenburg-Vorpommern mbH<\/p>\n<\/div><\/div><div class=\"af-field af-field-type-message af-field- acf-field acf-field-message acf-field-681c65717b70a\" data-name=\"\" data-key=\"field_681c65717b70a\" data-type=\"message\" data-conditions=\"[[{&quot;field&quot;:&quot;field_681c62bc7b00d&quot;,&quot;operator&quot;:&quot;==&quot;,&quot;value&quot;:&quot;de_ticket_azubis_hide_submit&quot;}]]\"><div class=\"af-label acf-label\"><label for=\"acf-field_681c65717b70a\">Deutschlandticket f\u00fcr Azubis in MV?<\/label><\/div><div class=\"af-input acf-input\"><p>Wir als VMV \u2013 Verkehrsgesellschaft Mecklenburg-Vorpommern mbH, sind nicht der Vertriebsdienstleister f\u00fcr das Deutschland-Ticket und haben somit keinen Zugriff auf bestehende oder zuk\u00fcnftige Abos. <\/p>\n<p>Bitte wenden Sie sich mit Ihrem Anliegen an unseren Vertriebsdienstleister, den Verkehrsverbund Warnow (VVW), unter der Servicehotline: 0381\/8021900 von Mo. \u2013 Fr.: 8 \u2013 16 Uhr oder via Mail unter: <a href=\"mailto:abo@d-ticket-azubis.de\">abo@d-ticket-azubis.de<\/a>. <\/p>\n<p>Vielen Dank, Ihre VMV-Verkehrsgesellschaft Mecklenburg-Vorpommern mbH<\/p>\n<\/div><\/div><div class=\"af-field af-field-type-message af-field- acf-field acf-field-message acf-field-681c65d86e6d4\" data-name=\"\" data-key=\"field_681c65d86e6d4\" data-type=\"message\" data-conditions=\"[[{&quot;field&quot;:&quot;field_681c62bc7b00d&quot;,&quot;operator&quot;:&quot;==&quot;,&quot;value&quot;:&quot;fahrplanauskunft_hide_submit&quot;}]]\"><div class=\"af-label acf-label\"><label for=\"acf-field_681c65d86e6d4\">Suchen Sie eine Fahrplanauskunft?<\/label><\/div><div class=\"af-input acf-input\"><p>Die VMV \u2013 Verkehrsgesellschaft Mecklenburg-Vorpommern mbH, ist kein Verkehrsunternehmen noch ein Verkehrsverbund. <\/p>\n<p>Neben unserer Verantwortung als Aufgabentr\u00e4ger f\u00fcr den Schienenpersonennahverkehr im Land sind wir auch f\u00fcr den technischen Betrieb der landesweiten Fahrplanauskunft zust\u00e4ndig.<br \/>\nDie Verantwortung f\u00fcr die Linienbedienung, Haltepunkte, Fahrplandaten und deren Inhalte liegt bei den jeweiligen Verkehrsunternehmen selbst. <\/p>\n<p><strong>Bitte wenden Sie sich an das vor Ort verkehrende Verkehrsunternehmen.<\/strong><\/p>\n<p>Vielen Dank, Ihre VMV-Verkehrsgesellschaft Mecklenburg-Vorpommern mbH<\/p>\n<\/div><\/div><div class=\"af-field af-field-type-group af-field-ihre-anfrage acf-field acf-field-group acf-field-681c6362e2d99\" data-name=\"ihre_anfrage\" data-key=\"field_681c6362e2d99\" data-type=\"group\" data-conditions=\"[[{&quot;field&quot;:&quot;field_681c62bc7b00d&quot;,&quot;operator&quot;:&quot;==&quot;,&quot;value&quot;:&quot;sonstiges&quot;}],[{&quot;field&quot;:&quot;field_681c62bc7b00d&quot;,&quot;operator&quot;:&quot;==&quot;,&quot;value&quot;:&quot;fahrplanauskunft_technik&quot;}]]\"><div class=\"af-label acf-label\"><label for=\"acf-field_681c6362e2d99\">Ihre Anfrage<\/label><\/div><div class=\"af-input acf-input\"><div class=\"acf-fields -top -border\"><div class=\"acf-field acf-field-text acf-field-681c6373e2d9a is-required\" data-name=\"name\" data-type=\"text\" data-key=\"field_681c6373e2d9a\" data-required=\"1\">\n<div class=\"acf-label\">\n<label for=\"acf-field_681c6362e2d99-field_681c6373e2d9a\">Name <span class=\"acf-required\">*<\/span><\/label><\/div>\n<div class=\"acf-input\">\n<div class=\"acf-input-wrap\"><input type=\"text\" id=\"acf-field_681c6362e2d99-field_681c6373e2d9a\" name=\"acf[field_681c6362e2d99][field_681c6373e2d9a]\" required=\"required\"\/><\/div><\/div>\n<\/div>\n<div class=\"acf-field acf-field-email acf-field-681c6386e2d9b is-required\" data-name=\"email_reply_to\" data-type=\"email\" data-key=\"field_681c6386e2d9b\" data-required=\"1\">\n<div class=\"acf-label\">\n<label for=\"acf-field_681c6362e2d99-field_681c6386e2d9b\">E-Mail-Adresse <span class=\"acf-required\">*<\/span><\/label><\/div>\n<div class=\"acf-input\">\n<div class=\"acf-input-wrap\"><input type=\"email\" id=\"acf-field_681c6362e2d99-field_681c6386e2d9b\" name=\"acf[field_681c6362e2d99][field_681c6386e2d9b]\" required=\"required\"\/><\/div><\/div>\n<\/div>\n<div class=\"acf-field acf-field-textarea acf-field-681c6394e2d9c is-required\" data-name=\"nachricht\" data-type=\"textarea\" data-key=\"field_681c6394e2d9c\" data-required=\"1\">\n<div class=\"acf-label\">\n<label for=\"acf-field_681c6362e2d99-field_681c6394e2d9c\">Ihre Nachricht an uns <span class=\"acf-required\">*<\/span><\/label><\/div>\n<div class=\"acf-input\">\n<textarea id=\"acf-field_681c6362e2d99-field_681c6394e2d9c\" name=\"acf[field_681c6362e2d99][field_681c6394e2d9c]\" rows=\"8\" required=\"required\"><\/textarea><\/div>\n<\/div>\n<div class=\"acf-field acf-field-true-false acf-field-681c64248269b is-required\" data-name=\"datenschutz\" data-type=\"true_false\" data-key=\"field_681c64248269b\" data-required=\"1\">\n<div class=\"acf-label\">\n<label for=\"acf-field_681c6362e2d99-field_681c64248269b\">Datenschutz <span class=\"acf-required\">*<\/span><\/label><\/div>\n<div class=\"acf-input\">\n<div class=\"acf-true-false\">\n\t\t\t<input type=\"hidden\" name=\"acf[field_681c6362e2d99][field_681c64248269b]\" value=\"0\"\/>\t<label>\n\t\t<input type=\"checkbox\" id=\"acf-field_681c6362e2d99-field_681c64248269b\" name=\"acf[field_681c6362e2d99][field_681c64248269b]\" value=\"1\" class=\"\" autocomplete=\"off\"\/>\n\t\t\t\t\t\t\t\t\t\t<span class=\"message\">Ich erkl\u00e4re mich damit einverstanden, dass meine Angaben f\u00fcr die Beantwortung meiner Anfrage bzw. zur Kontaktaufnahme verwendet werden.<\/span>\t<\/label>\n<\/div>\n\t\t\t<\/div>\n<\/div>\n<\/div><\/div><\/div><div class=\"af-submit acf-form-submit\"><button type=\"submit\" class=\"acf-button af-submit-button\">Submit<\/button><span class=\"acf-spinner af-spinner\"><\/span><\/div><\/div><\/form>\n\n\n<div style=\"height:50px\" aria-hidden=\"true\" class=\"wp-block-spacer\"><\/div>\n","protected":false},"excerpt":{"rendered":"<p>Fragen, W\u00fcnsche, Anregungen? Schreiben Sie uns! Ihre Angaben verwenden wir f\u00fcr die Beantwortung Ihrer Anfrage bzw. zur Kontaktaufnahme. Sie k\u00f6nnen Ihre erteilte Einwilligung jederzeit mit Wirkung f\u00fcr die Zukunft widerrufen. Im Falle des Widerrufs werden Ihre Daten umgehend gel\u00f6scht. Ihre Daten werden ansonsten gel\u00f6scht, wenn wir Ihre Anfrage bearbeitet haben oder der Zweck der Speicherung&hellip;<\/p>","protected":false},"author":7,"featured_media":142,"parent":0,"menu_order":34,"comment_status":"closed","ping_status":"closed","template":"","meta":{"_acf_changed":false,"footnotes":""},"class_list":["post-5","page","type-page","status-publish","has-post-thumbnail","hentry"],"acf":[],"yoast_head":"<!-- This site is optimized with the Yoast SEO plugin v27.5 - https:\/\/yoast.com\/product\/yoast-seo-wordpress\/ -->\n<title>Kontakt - VMV-Verkehrsgesellschaft Mecklenburg-Vorpommern<\/title>\n<meta name=\"description\" content=\"Kontakt\" \/>\n<meta name=\"robots\" content=\"index, follow, max-snippet:-1, max-image-preview:large, max-video-preview:-1\" \/>\n<link rel=\"canonical\" href=\"https:\/\/www.vmv-mbh.de\/en\/kontakt\/\" \/>\n<meta property=\"og:locale\" content=\"en_GB\" \/>\n<meta property=\"og:type\" content=\"article\" \/>\n<meta property=\"og:title\" content=\"Kontakt - VMV-Verkehrsgesellschaft Mecklenburg-Vorpommern\" \/>\n<meta property=\"og:description\" content=\"Kontakt\" \/>\n<meta property=\"og:url\" content=\"https:\/\/www.vmv-mbh.de\/en\/kontakt\/\" \/>\n<meta property=\"og:site_name\" content=\"VMV-Verkehrsgesellschaft Mecklenburg-Vorpommern\" \/>\n<meta property=\"article:modified_time\" content=\"2026-02-25T10:03:15+00:00\" \/>\n<meta property=\"og:image\" content=\"https:\/\/www.vmv-mbh.de\/wp-content\/uploads\/Verkehrsvertraege.png\" \/>\n\t<meta property=\"og:image:width\" content=\"1216\" \/>\n\t<meta property=\"og:image:height\" content=\"380\" \/>\n\t<meta property=\"og:image:type\" content=\"image\/png\" \/>\n<meta name=\"twitter:card\" content=\"summary_large_image\" \/>\n<meta name=\"twitter:label1\" content=\"Estimated reading time\" \/>\n\t<meta name=\"twitter:data1\" content=\"1 minute\" \/>\n<script type=\"application\/ld+json\" class=\"yoast-schema-graph\">{\"@context\":\"https:\\\/\\\/schema.org\",\"@graph\":[{\"@type\":\"WebPage\",\"@id\":\"https:\\\/\\\/www.vmv-mbh.de\\\/kontakt\\\/\",\"url\":\"https:\\\/\\\/www.vmv-mbh.de\\\/kontakt\\\/\",\"name\":\"Kontakt - VMV-Verkehrsgesellschaft Mecklenburg-Vorpommern\",\"isPartOf\":{\"@id\":\"https:\\\/\\\/www.vmv-mbh.de\\\/#website\"},\"primaryImageOfPage\":{\"@id\":\"https:\\\/\\\/www.vmv-mbh.de\\\/kontakt\\\/#primaryimage\"},\"image\":{\"@id\":\"https:\\\/\\\/www.vmv-mbh.de\\\/kontakt\\\/#primaryimage\"},\"thumbnailUrl\":\"https:\\\/\\\/www.vmv-mbh.de\\\/wp-content\\\/uploads\\\/Verkehrsvertraege.png\",\"datePublished\":\"2022-01-13T08:58:07+00:00\",\"dateModified\":\"2026-02-25T10:03:15+00:00\",\"description\":\"Kontakt\",\"breadcrumb\":{\"@id\":\"https:\\\/\\\/www.vmv-mbh.de\\\/kontakt\\\/#breadcrumb\"},\"inLanguage\":\"en-GB\",\"potentialAction\":[{\"@type\":\"ReadAction\",\"target\":[\"https:\\\/\\\/www.vmv-mbh.de\\\/kontakt\\\/\"]}]},{\"@type\":\"ImageObject\",\"inLanguage\":\"en-GB\",\"@id\":\"https:\\\/\\\/www.vmv-mbh.de\\\/kontakt\\\/#primaryimage\",\"url\":\"https:\\\/\\\/www.vmv-mbh.de\\\/wp-content\\\/uploads\\\/Verkehrsvertraege.png\",\"contentUrl\":\"https:\\\/\\\/www.vmv-mbh.de\\\/wp-content\\\/uploads\\\/Verkehrsvertraege.png\",\"width\":1216,\"height\":380},{\"@type\":\"BreadcrumbList\",\"@id\":\"https:\\\/\\\/www.vmv-mbh.de\\\/kontakt\\\/#breadcrumb\",\"itemListElement\":[{\"@type\":\"ListItem\",\"position\":1,\"name\":\"Startseite\",\"item\":\"https:\\\/\\\/www.vmv-mbh.de\\\/\"},{\"@type\":\"ListItem\",\"position\":2,\"name\":\"Kontakt\"}]},{\"@type\":\"WebSite\",\"@id\":\"https:\\\/\\\/www.vmv-mbh.de\\\/#website\",\"url\":\"https:\\\/\\\/www.vmv-mbh.de\\\/\",\"name\":\"VMV-Verkehrsgesellschaft Mecklenburg-Vorpommern\",\"description\":\"VMV \u2013 Verkehrsgesellschaft M-V\",\"publisher\":{\"@id\":\"https:\\\/\\\/www.vmv-mbh.de\\\/#organization\"},\"potentialAction\":[{\"@type\":\"SearchAction\",\"target\":{\"@type\":\"EntryPoint\",\"urlTemplate\":\"https:\\\/\\\/www.vmv-mbh.de\\\/?s={search_term_string}\"},\"query-input\":{\"@type\":\"PropertyValueSpecification\",\"valueRequired\":true,\"valueName\":\"search_term_string\"}}],\"inLanguage\":\"en-GB\"},{\"@type\":\"Organization\",\"@id\":\"https:\\\/\\\/www.vmv-mbh.de\\\/#organization\",\"name\":\"VMV \u2013 Verkehrsgesellschaft Mecklenburg-Vorpommern mbH\",\"url\":\"https:\\\/\\\/www.vmv-mbh.de\\\/\",\"logo\":{\"@type\":\"ImageObject\",\"inLanguage\":\"en-GB\",\"@id\":\"https:\\\/\\\/www.vmv-mbh.de\\\/#\\\/schema\\\/logo\\\/image\\\/\",\"url\":\"https:\\\/\\\/www.vmv-mbh.de\\\/wp-content\\\/uploads\\\/brand-vmv-vmv-logo-quer-inv.png\",\"contentUrl\":\"https:\\\/\\\/www.vmv-mbh.de\\\/wp-content\\\/uploads\\\/brand-vmv-vmv-logo-quer-inv.png\",\"width\":384,\"height\":64,\"caption\":\"VMV \u2013 Verkehrsgesellschaft Mecklenburg-Vorpommern mbH\"},\"image\":{\"@id\":\"https:\\\/\\\/www.vmv-mbh.de\\\/#\\\/schema\\\/logo\\\/image\\\/\"}}]}<\/script>\n<!-- \/ Yoast SEO plugin. -->","yoast_head_json":{"title":"Kontakt - VMV-Verkehrsgesellschaft Mecklenburg-Vorpommern","description":"Contact","robots":{"index":"index","follow":"follow","max-snippet":"max-snippet:-1","max-image-preview":"max-image-preview:large","max-video-preview":"max-video-preview:-1"},"canonical":"https:\/\/www.vmv-mbh.de\/en\/kontakt\/","og_locale":"en_GB","og_type":"article","og_title":"Kontakt - VMV-Verkehrsgesellschaft Mecklenburg-Vorpommern","og_description":"Kontakt","og_url":"https:\/\/www.vmv-mbh.de\/en\/kontakt\/","og_site_name":"VMV-Verkehrsgesellschaft Mecklenburg-Vorpommern","article_modified_time":"2026-02-25T10:03:15+00:00","og_image":[{"width":1216,"height":380,"url":"https:\/\/www.vmv-mbh.de\/wp-content\/uploads\/Verkehrsvertraege.png","type":"image\/png"}],"twitter_card":"summary_large_image","twitter_misc":{"Estimated reading time":"1 minute"},"schema":{"@context":"https:\/\/schema.org","@graph":[{"@type":"WebPage","@id":"https:\/\/www.vmv-mbh.de\/kontakt\/","url":"https:\/\/www.vmv-mbh.de\/kontakt\/","name":"Kontakt - VMV-Verkehrsgesellschaft Mecklenburg-Vorpommern","isPartOf":{"@id":"https:\/\/www.vmv-mbh.de\/#website"},"primaryImageOfPage":{"@id":"https:\/\/www.vmv-mbh.de\/kontakt\/#primaryimage"},"image":{"@id":"https:\/\/www.vmv-mbh.de\/kontakt\/#primaryimage"},"thumbnailUrl":"https:\/\/www.vmv-mbh.de\/wp-content\/uploads\/Verkehrsvertraege.png","datePublished":"2022-01-13T08:58:07+00:00","dateModified":"2026-02-25T10:03:15+00:00","description":"Contact","breadcrumb":{"@id":"https:\/\/www.vmv-mbh.de\/kontakt\/#breadcrumb"},"inLanguage":"en-GB","potentialAction":[{"@type":"ReadAction","target":["https:\/\/www.vmv-mbh.de\/kontakt\/"]}]},{"@type":"ImageObject","inLanguage":"en-GB","@id":"https:\/\/www.vmv-mbh.de\/kontakt\/#primaryimage","url":"https:\/\/www.vmv-mbh.de\/wp-content\/uploads\/Verkehrsvertraege.png","contentUrl":"https:\/\/www.vmv-mbh.de\/wp-content\/uploads\/Verkehrsvertraege.png","width":1216,"height":380},{"@type":"BreadcrumbList","@id":"https:\/\/www.vmv-mbh.de\/kontakt\/#breadcrumb","itemListElement":[{"@type":"ListItem","position":1,"name":"Startseite","item":"https:\/\/www.vmv-mbh.de\/"},{"@type":"ListItem","position":2,"name":"Kontakt"}]},{"@type":"WebSite","@id":"https:\/\/www.vmv-mbh.de\/#website","url":"https:\/\/www.vmv-mbh.de\/","name":"VMV Transport Company Mecklenburg-Western Pomerania","description":"VMV - Verkehrsgesellschaft M-V","publisher":{"@id":"https:\/\/www.vmv-mbh.de\/#organization"},"potentialAction":[{"@type":"SearchAction","target":{"@type":"EntryPoint","urlTemplate":"https:\/\/www.vmv-mbh.de\/?s={search_term_string}"},"query-input":{"@type":"PropertyValueSpecification","valueRequired":true,"valueName":"search_term_string"}}],"inLanguage":"en-GB"},{"@type":"Organization","@id":"https:\/\/www.vmv-mbh.de\/#organization","name":"VMV - Verkehrsgesellschaft Mecklenburg-Vorpommern mbH","url":"https:\/\/www.vmv-mbh.de\/","logo":{"@type":"ImageObject","inLanguage":"en-GB","@id":"https:\/\/www.vmv-mbh.de\/#\/schema\/logo\/image\/","url":"https:\/\/www.vmv-mbh.de\/wp-content\/uploads\/brand-vmv-vmv-logo-quer-inv.png","contentUrl":"https:\/\/www.vmv-mbh.de\/wp-content\/uploads\/brand-vmv-vmv-logo-quer-inv.png","width":384,"height":64,"caption":"VMV \u2013 Verkehrsgesellschaft Mecklenburg-Vorpommern mbH"},"image":{"@id":"https:\/\/www.vmv-mbh.de\/#\/schema\/logo\/image\/"}}]}},"_links":{"self":[{"href":"https:\/\/www.vmv-mbh.de\/en\/wp-json\/wp\/v2\/pages\/5","targetHints":{"allow":["GET"]}}],"collection":[{"href":"https:\/\/www.vmv-mbh.de\/en\/wp-json\/wp\/v2\/pages"}],"about":[{"href":"https:\/\/www.vmv-mbh.de\/en\/wp-json\/wp\/v2\/types\/page"}],"author":[{"embeddable":true,"href":"https:\/\/www.vmv-mbh.de\/en\/wp-json\/wp\/v2\/users\/7"}],"replies":[{"embeddable":true,"href":"https:\/\/www.vmv-mbh.de\/en\/wp-json\/wp\/v2\/comments?post=5"}],"version-history":[{"count":0,"href":"https:\/\/www.vmv-mbh.de\/en\/wp-json\/wp\/v2\/pages\/5\/revisions"}],"wp:featuredmedia":[{"embeddable":true,"href":"https:\/\/www.vmv-mbh.de\/en\/wp-json\/wp\/v2\/media\/142"}],"wp:attachment":[{"href":"https:\/\/www.vmv-mbh.de\/en\/wp-json\/wp\/v2\/media?parent=5"}],"curies":[{"name":"wp","href":"https:\/\/api.w.org\/{rel}","templated":true}]}}