{"id":548,"date":"2022-03-17T09:36:08","date_gmt":"2022-03-17T08:36:08","guid":{"rendered":"https:\/\/www.vmv-mbh.de\/?page_id=548"},"modified":"2025-08-12T13:29:13","modified_gmt":"2025-08-12T11:29:13","slug":"fahrplanauskunft-mv-de-vmvsl3plus-triplngde","status":"publish","type":"page","link":"https:\/\/www.vmv-mbh.de\/en\/fahrplanauskunft-mv-de-vmvsl3plus-triplngde\/","title":{"rendered":"Timetable information"},"content":{"rendered":"<div data-elementor-type=\"wp-page\" data-elementor-id=\"548\" class=\"elementor elementor-548\" data-elementor-post-type=\"page\">\n\t\t\t\t\t\t<section class=\"elementor-section elementor-top-section elementor-element elementor-element-42c736c elementor-section-boxed elementor-section-height-default elementor-section-height-default\" data-id=\"42c736c\" data-element_type=\"section\" data-e-type=\"section\">\n\t\t\t\t\t\t<div class=\"elementor-container elementor-column-gap-default\">\n\t\t\t\t\t<div class=\"elementor-column elementor-col-100 elementor-top-column elementor-element elementor-element-15e4c3f\" data-id=\"15e4c3f\" data-element_type=\"column\" data-e-type=\"column\">\n\t\t\t<div class=\"elementor-widget-wrap elementor-element-populated\">\n\t\t\t\t\t\t<div class=\"elementor-element elementor-element-5658510 H3 elementor-widget elementor-widget-heading\" data-id=\"5658510\" data-element_type=\"widget\" data-e-type=\"widget\" data-widget_type=\"heading.default\">\n\t\t\t\t<div class=\"elementor-widget-container\">\n\t\t\t\t\t<h3 class=\"elementor-heading-title elementor-size-default\">Looking for a connection?<\/h3>\t\t\t\t<\/div>\n\t\t\t\t<\/div>\n\t\t\t\t<div class=\"elementor-element elementor-element-1226a6c lead elementor-widget elementor-widget-text-editor\" data-id=\"1226a6c\" data-element_type=\"widget\" data-e-type=\"widget\" data-widget_type=\"text-editor.default\">\n\t\t\t\t<div class=\"elementor-widget-container\">\n\t\t\t\t\t\t\t\t\t<div><p>VMV operates and maintains the timetable information service \"MV F\u00c4HRT GUT\". The information is based on the current timetable data of all public transport companies operating in the state of Mecklenburg-Vorpommern. More and more transport companies in the state are already providing information on the basis of real-time data. The goal is to make this possible across the board in the future.<\/p><h5>Support from the timetable information service<\/h5><\/div><p>Start on time and arrive stress-free - public transport makes it possible. Our Germany-wide online timetable information service \"MV F\u00c4HRT GUT\" helps you to plan your journey reliably.<\/p>\t\t\t\t\t\t\t\t<\/div>\n\t\t\t\t<\/div>\n\t\t\t\t\t<\/div>\n\t\t<\/div>\n\t\t\t\t\t<\/div>\n\t\t<\/section>\n\t\t\t\t<section class=\"elementor-section elementor-top-section elementor-element elementor-element-55b8850 elementor-section-boxed elementor-section-height-default elementor-section-height-default\" data-id=\"55b8850\" data-element_type=\"section\" data-e-type=\"section\">\n\t\t\t\t\t\t<div class=\"elementor-container elementor-column-gap-default\">\n\t\t\t\t\t<div class=\"elementor-column elementor-col-50 elementor-top-column elementor-element elementor-element-a8ae4f5\" data-id=\"a8ae4f5\" data-element_type=\"column\" data-e-type=\"column\">\n\t\t\t<div class=\"elementor-widget-wrap elementor-element-populated\">\n\t\t\t\t\t\t<div class=\"elementor-element elementor-element-10148ff elementor-widget elementor-widget-spacer\" data-id=\"10148ff\" data-element_type=\"widget\" data-e-type=\"widget\" data-widget_type=\"spacer.default\">\n\t\t\t\t<div class=\"elementor-widget-container\">\n\t\t\t\t\t\t\t<div class=\"elementor-spacer\">\n\t\t\t<div class=\"elementor-spacer-inner\"><\/div>\n\t\t<\/div>\n\t\t\t\t\t\t<\/div>\n\t\t\t\t<\/div>\n\t\t\t\t<div class=\"elementor-element elementor-element-1de23d3 elementor-widget elementor-widget-text-editor\" data-id=\"1de23d3\" data-element_type=\"widget\" data-e-type=\"widget\" data-widget_type=\"text-editor.default\">\n\t\t\t\t<div class=\"elementor-widget-container\">\n\t\t\t\t\t\t\t\t\t<h5>To the timetable information:<\/h5>\t\t\t\t\t\t\t\t<\/div>\n\t\t\t\t<\/div>\n\t\t\t\t\t<\/div>\n\t\t<\/div>\n\t\t\t\t<div class=\"elementor-column elementor-col-50 elementor-top-column elementor-element elementor-element-d29d723\" data-id=\"d29d723\" data-element_type=\"column\" data-e-type=\"column\">\n\t\t\t<div class=\"elementor-widget-wrap elementor-element-populated\">\n\t\t\t\t\t\t<div class=\"elementor-element elementor-element-ea60fb7 elementor-widget elementor-widget-spacer\" data-id=\"ea60fb7\" data-element_type=\"widget\" data-e-type=\"widget\" data-widget_type=\"spacer.default\">\n\t\t\t\t<div class=\"elementor-widget-container\">\n\t\t\t\t\t\t\t<div class=\"elementor-spacer\">\n\t\t\t<div class=\"elementor-spacer-inner\"><\/div>\n\t\t<\/div>\n\t\t\t\t\t\t<\/div>\n\t\t\t\t<\/div>\n\t\t\t\t<div class=\"elementor-element elementor-element-82f9a5c elementor-button-primary elementor-widget elementor-widget-button\" data-id=\"82f9a5c\" data-element_type=\"widget\" data-e-type=\"widget\" data-widget_type=\"button.default\">\n\t\t\t\t<div class=\"elementor-widget-container\">\n\t\t\t\t\t\t\t\t\t<div class=\"elementor-button-wrapper\">\n\t\t\t\t\t<a class=\"elementor-button elementor-button-link elementor-size-sm\" href=\"https:\/\/fahrplanauskunft-mv.de\/vmvsl3plus\/trip?lng=de\" target=\"_blank\">\n\t\t\t\t\t\t<span class=\"elementor-button-content-wrapper\">\n\t\t\t\t\t\t\t\t\t<span class=\"elementor-button-text\">MV F\u00c4HRT GUT <\/span>\n\t\t\t\t\t<\/span>\n\t\t\t\t\t<\/a>\n\t\t\t\t<\/div>\n\t\t\t\t\t\t\t\t<\/div>\n\t\t\t\t<\/div>\n\t\t\t\t<div class=\"elementor-element elementor-element-b2dd4be elementor-widget elementor-widget-spacer\" data-id=\"b2dd4be\" data-element_type=\"widget\" data-e-type=\"widget\" data-widget_type=\"spacer.default\">\n\t\t\t\t<div class=\"elementor-widget-container\">\n\t\t\t\t\t\t\t<div class=\"elementor-spacer\">\n\t\t\t<div class=\"elementor-spacer-inner\"><\/div>\n\t\t<\/div>\n\t\t\t\t\t\t<\/div>\n\t\t\t\t<\/div>\n\t\t\t\t\t<\/div>\n\t\t<\/div>\n\t\t\t\t\t<\/div>\n\t\t<\/section>\n\t\t\t\t<section class=\"elementor-section elementor-top-section elementor-element elementor-element-151281e elementor-section-boxed elementor-section-height-default elementor-section-height-default\" data-id=\"151281e\" data-element_type=\"section\" data-e-type=\"section\">\n\t\t\t\t\t\t<div class=\"elementor-container elementor-column-gap-default\">\n\t\t\t\t\t<div class=\"elementor-column elementor-col-100 elementor-top-column elementor-element elementor-element-d4abf75\" data-id=\"d4abf75\" data-element_type=\"column\" data-e-type=\"column\">\n\t\t\t<div class=\"elementor-widget-wrap elementor-element-populated\">\n\t\t\t\t\t\t<div class=\"elementor-element elementor-element-fb9b3cb elementor-widget elementor-widget-menu-anchor\" data-id=\"fb9b3cb\" data-element_type=\"widget\" data-e-type=\"widget\" data-widget_type=\"menu-anchor.default\">\n\t\t\t\t<div class=\"elementor-widget-container\">\n\t\t\t\t\t\t\t<div class=\"elementor-menu-anchor\" id=\"fahrplanauskunft_formular\"><\/div>\n\t\t\t\t\t\t<\/div>\n\t\t\t\t<\/div>\n\t\t\t\t<div class=\"elementor-element elementor-element-7325c8f lead elementor-widget elementor-widget-text-editor\" data-id=\"7325c8f\" data-element_type=\"widget\" data-e-type=\"widget\" data-widget_type=\"text-editor.default\">\n\t\t\t\t<div class=\"elementor-widget-container\">\n\t\t\t\t\t\t\t\t\t<p>MV F\u00c4HRT GUT Our timetable app \"MV F\u00c4HRT GUT\" is available for <a href=\"https:\/\/play.google.com\/store\/apps\/details?id=com.mdv.VMVCompanion\" target=\"_blank\" rel=\"noopener\">Android<\/a> and <a href=\"https:\/\/itunes.apple.com\/de\/app\/mv-fahrt-gut\/id1022785965\" target=\"_blank\" rel=\"noopener\">iOS<\/a> . With the free timetable app from VMV - Verkehrsgesellschaft Mecklenburg-Vorpommern mbH, you can now access the timetable anytime and anywhere. Try it out!<\/p>\t\t\t\t\t\t\t\t<\/div>\n\t\t\t\t<\/div>\n\t\t\t\t<div class=\"elementor-element elementor-element-236bebf elementor-widget elementor-widget-spacer\" data-id=\"236bebf\" data-element_type=\"widget\" data-e-type=\"widget\" data-widget_type=\"spacer.default\">\n\t\t\t\t<div class=\"elementor-widget-container\">\n\t\t\t\t\t\t\t<div class=\"elementor-spacer\">\n\t\t\t<div class=\"elementor-spacer-inner\"><\/div>\n\t\t<\/div>\n\t\t\t\t\t\t<\/div>\n\t\t\t\t<\/div>\n\t\t\t\t\t<\/div>\n\t\t<\/div>\n\t\t\t\t\t<\/div>\n\t\t<\/section>\n\t\t\t\t<\/div>","protected":false},"excerpt":{"rendered":"<p>Anschluss gesucht? Die VMV betreibt und pflegt die Fahrplanauskunft &#8222;MV F\u00c4HRT GUT&#8220;. Darin bilden die jeweils aktuellen Fahrplandaten aller im Land Mecklenburg-Vorpommern im \u00d6PNV und SPNV t\u00e4tigen Verkehrsunternehmen die Basis der Auskunftserteilung. Bei immer mehr Verkehrsunternehmen im Land erfolgt die Auskunft bereits auf Basis von Echtzeitdaten. Ziel ist es dies k\u00fcnftig fl\u00e4chendeckend zu erm\u00f6glichen. Die&hellip;<\/p>","protected":false},"author":7,"featured_media":723,"parent":0,"menu_order":26,"comment_status":"closed","ping_status":"closed","template":"","meta":{"_acf_changed":false,"footnotes":""},"class_list":["post-548","page","type-page","status-publish","has-post-thumbnail","hentry"],"acf":[],"yoast_head":"<!-- This site is optimized with the Yoast SEO plugin v27.4 - https:\/\/yoast.com\/product\/yoast-seo-wordpress\/ -->\n<title>Fahrplanauskunft - VMV-Verkehrsgesellschaft Mecklenburg-Vorpommern<\/title>\n<meta name=\"robots\" content=\"index, follow, max-snippet:-1, max-image-preview:large, max-video-preview:-1\" \/>\n<link rel=\"canonical\" href=\"https:\/\/www.vmv-mbh.de\/en\/fahrplanauskunft-mv-de-vmvsl3plus-triplngde\/\" \/>\n<meta property=\"og:locale\" content=\"en_GB\" \/>\n<meta property=\"og:type\" content=\"article\" \/>\n<meta property=\"og:title\" content=\"Fahrplanauskunft - VMV-Verkehrsgesellschaft Mecklenburg-Vorpommern\" \/>\n<meta property=\"og:description\" content=\"Anschluss gesucht? Die VMV betreibt und pflegt die Fahrplanauskunft &#8222;MV F\u00c4HRT GUT&#8220;. Darin bilden die jeweils aktuellen Fahrplandaten aller im Land Mecklenburg-Vorpommern im \u00d6PNV und SPNV t\u00e4tigen Verkehrsunternehmen die Basis der Auskunftserteilung. Bei immer mehr Verkehrsunternehmen im Land erfolgt die Auskunft bereits auf Basis von Echtzeitdaten. Ziel ist es dies k\u00fcnftig fl\u00e4chendeckend zu erm\u00f6glichen. Die&hellip;\" \/>\n<meta property=\"og:url\" content=\"https:\/\/www.vmv-mbh.de\/en\/fahrplanauskunft-mv-de-vmvsl3plus-triplngde\/\" \/>\n<meta property=\"og:site_name\" content=\"VMV-Verkehrsgesellschaft Mecklenburg-Vorpommern\" \/>\n<meta property=\"article:modified_time\" content=\"2025-08-12T11:29:13+00:00\" \/>\n<meta property=\"og:image\" content=\"https:\/\/www.vmv-mbh.de\/wp-content\/uploads\/vmv_banner_1920x800px_on8.jpg\" \/>\n\t<meta property=\"og:image:width\" content=\"1920\" \/>\n\t<meta property=\"og:image:height\" content=\"800\" \/>\n\t<meta property=\"og:image:type\" content=\"image\/jpeg\" \/>\n<meta name=\"twitter:card\" content=\"summary_large_image\" \/>\n<meta name=\"twitter:label1\" content=\"Estimated reading time\" \/>\n\t<meta name=\"twitter:data1\" content=\"1 minute\" \/>\n<script type=\"application\/ld+json\" class=\"yoast-schema-graph\">{\"@context\":\"https:\\\/\\\/schema.org\",\"@graph\":[{\"@type\":\"WebPage\",\"@id\":\"https:\\\/\\\/www.vmv-mbh.de\\\/fahrplanauskunft-mv-de-vmvsl3plus-triplngde\\\/\",\"url\":\"https:\\\/\\\/www.vmv-mbh.de\\\/fahrplanauskunft-mv-de-vmvsl3plus-triplngde\\\/\",\"name\":\"Fahrplanauskunft - VMV-Verkehrsgesellschaft Mecklenburg-Vorpommern\",\"isPartOf\":{\"@id\":\"https:\\\/\\\/www.vmv-mbh.de\\\/#website\"},\"primaryImageOfPage\":{\"@id\":\"https:\\\/\\\/www.vmv-mbh.de\\\/fahrplanauskunft-mv-de-vmvsl3plus-triplngde\\\/#primaryimage\"},\"image\":{\"@id\":\"https:\\\/\\\/www.vmv-mbh.de\\\/fahrplanauskunft-mv-de-vmvsl3plus-triplngde\\\/#primaryimage\"},\"thumbnailUrl\":\"https:\\\/\\\/www.vmv-mbh.de\\\/wp-content\\\/uploads\\\/vmv_banner_1920x800px_on8.jpg\",\"datePublished\":\"2022-03-17T08:36:08+00:00\",\"dateModified\":\"2025-08-12T11:29:13+00:00\",\"breadcrumb\":{\"@id\":\"https:\\\/\\\/www.vmv-mbh.de\\\/fahrplanauskunft-mv-de-vmvsl3plus-triplngde\\\/#breadcrumb\"},\"inLanguage\":\"en-GB\",\"potentialAction\":[{\"@type\":\"ReadAction\",\"target\":[\"https:\\\/\\\/www.vmv-mbh.de\\\/fahrplanauskunft-mv-de-vmvsl3plus-triplngde\\\/\"]}]},{\"@type\":\"ImageObject\",\"inLanguage\":\"en-GB\",\"@id\":\"https:\\\/\\\/www.vmv-mbh.de\\\/fahrplanauskunft-mv-de-vmvsl3plus-triplngde\\\/#primaryimage\",\"url\":\"https:\\\/\\\/www.vmv-mbh.de\\\/wp-content\\\/uploads\\\/vmv_banner_1920x800px_on8.jpg\",\"contentUrl\":\"https:\\\/\\\/www.vmv-mbh.de\\\/wp-content\\\/uploads\\\/vmv_banner_1920x800px_on8.jpg\",\"width\":1920,\"height\":800},{\"@type\":\"BreadcrumbList\",\"@id\":\"https:\\\/\\\/www.vmv-mbh.de\\\/fahrplanauskunft-mv-de-vmvsl3plus-triplngde\\\/#breadcrumb\",\"itemListElement\":[{\"@type\":\"ListItem\",\"position\":1,\"name\":\"Startseite\",\"item\":\"https:\\\/\\\/www.vmv-mbh.de\\\/\"},{\"@type\":\"ListItem\",\"position\":2,\"name\":\"Fahrplanauskunft\"}]},{\"@type\":\"WebSite\",\"@id\":\"https:\\\/\\\/www.vmv-mbh.de\\\/#website\",\"url\":\"https:\\\/\\\/www.vmv-mbh.de\\\/\",\"name\":\"VMV-Verkehrsgesellschaft Mecklenburg-Vorpommern\",\"description\":\"VMV \u2013 Verkehrsgesellschaft M-V\",\"publisher\":{\"@id\":\"https:\\\/\\\/www.vmv-mbh.de\\\/#organization\"},\"potentialAction\":[{\"@type\":\"SearchAction\",\"target\":{\"@type\":\"EntryPoint\",\"urlTemplate\":\"https:\\\/\\\/www.vmv-mbh.de\\\/?s={search_term_string}\"},\"query-input\":{\"@type\":\"PropertyValueSpecification\",\"valueRequired\":true,\"valueName\":\"search_term_string\"}}],\"inLanguage\":\"en-GB\"},{\"@type\":\"Organization\",\"@id\":\"https:\\\/\\\/www.vmv-mbh.de\\\/#organization\",\"name\":\"VMV \u2013 Verkehrsgesellschaft Mecklenburg-Vorpommern mbH\",\"url\":\"https:\\\/\\\/www.vmv-mbh.de\\\/\",\"logo\":{\"@type\":\"ImageObject\",\"inLanguage\":\"en-GB\",\"@id\":\"https:\\\/\\\/www.vmv-mbh.de\\\/#\\\/schema\\\/logo\\\/image\\\/\",\"url\":\"https:\\\/\\\/www.vmv-mbh.de\\\/wp-content\\\/uploads\\\/brand-vmv-vmv-logo-quer-inv.png\",\"contentUrl\":\"https:\\\/\\\/www.vmv-mbh.de\\\/wp-content\\\/uploads\\\/brand-vmv-vmv-logo-quer-inv.png\",\"width\":384,\"height\":64,\"caption\":\"VMV \u2013 Verkehrsgesellschaft Mecklenburg-Vorpommern mbH\"},\"image\":{\"@id\":\"https:\\\/\\\/www.vmv-mbh.de\\\/#\\\/schema\\\/logo\\\/image\\\/\"}}]}<\/script>\n<!-- \/ Yoast SEO plugin. -->","yoast_head_json":{"title":"Fahrplanauskunft - VMV-Verkehrsgesellschaft Mecklenburg-Vorpommern","robots":{"index":"index","follow":"follow","max-snippet":"max-snippet:-1","max-image-preview":"max-image-preview:large","max-video-preview":"max-video-preview:-1"},"canonical":"https:\/\/www.vmv-mbh.de\/en\/fahrplanauskunft-mv-de-vmvsl3plus-triplngde\/","og_locale":"en_GB","og_type":"article","og_title":"Fahrplanauskunft - VMV-Verkehrsgesellschaft Mecklenburg-Vorpommern","og_description":"Anschluss gesucht? Die VMV betreibt und pflegt die Fahrplanauskunft &#8222;MV F\u00c4HRT GUT&#8220;. Darin bilden die jeweils aktuellen Fahrplandaten aller im Land Mecklenburg-Vorpommern im \u00d6PNV und SPNV t\u00e4tigen Verkehrsunternehmen die Basis der Auskunftserteilung. Bei immer mehr Verkehrsunternehmen im Land erfolgt die Auskunft bereits auf Basis von Echtzeitdaten. Ziel ist es dies k\u00fcnftig fl\u00e4chendeckend zu erm\u00f6glichen. Die&hellip;","og_url":"https:\/\/www.vmv-mbh.de\/en\/fahrplanauskunft-mv-de-vmvsl3plus-triplngde\/","og_site_name":"VMV-Verkehrsgesellschaft Mecklenburg-Vorpommern","article_modified_time":"2025-08-12T11:29:13+00:00","og_image":[{"width":1920,"height":800,"url":"https:\/\/www.vmv-mbh.de\/wp-content\/uploads\/vmv_banner_1920x800px_on8.jpg","type":"image\/jpeg"}],"twitter_card":"summary_large_image","twitter_misc":{"Estimated reading time":"1 minute"},"schema":{"@context":"https:\/\/schema.org","@graph":[{"@type":"WebPage","@id":"https:\/\/www.vmv-mbh.de\/fahrplanauskunft-mv-de-vmvsl3plus-triplngde\/","url":"https:\/\/www.vmv-mbh.de\/fahrplanauskunft-mv-de-vmvsl3plus-triplngde\/","name":"Fahrplanauskunft - VMV-Verkehrsgesellschaft Mecklenburg-Vorpommern","isPartOf":{"@id":"https:\/\/www.vmv-mbh.de\/#website"},"primaryImageOfPage":{"@id":"https:\/\/www.vmv-mbh.de\/fahrplanauskunft-mv-de-vmvsl3plus-triplngde\/#primaryimage"},"image":{"@id":"https:\/\/www.vmv-mbh.de\/fahrplanauskunft-mv-de-vmvsl3plus-triplngde\/#primaryimage"},"thumbnailUrl":"https:\/\/www.vmv-mbh.de\/wp-content\/uploads\/vmv_banner_1920x800px_on8.jpg","datePublished":"2022-03-17T08:36:08+00:00","dateModified":"2025-08-12T11:29:13+00:00","breadcrumb":{"@id":"https:\/\/www.vmv-mbh.de\/fahrplanauskunft-mv-de-vmvsl3plus-triplngde\/#breadcrumb"},"inLanguage":"en-GB","potentialAction":[{"@type":"ReadAction","target":["https:\/\/www.vmv-mbh.de\/fahrplanauskunft-mv-de-vmvsl3plus-triplngde\/"]}]},{"@type":"ImageObject","inLanguage":"en-GB","@id":"https:\/\/www.vmv-mbh.de\/fahrplanauskunft-mv-de-vmvsl3plus-triplngde\/#primaryimage","url":"https:\/\/www.vmv-mbh.de\/wp-content\/uploads\/vmv_banner_1920x800px_on8.jpg","contentUrl":"https:\/\/www.vmv-mbh.de\/wp-content\/uploads\/vmv_banner_1920x800px_on8.jpg","width":1920,"height":800},{"@type":"BreadcrumbList","@id":"https:\/\/www.vmv-mbh.de\/fahrplanauskunft-mv-de-vmvsl3plus-triplngde\/#breadcrumb","itemListElement":[{"@type":"ListItem","position":1,"name":"Startseite","item":"https:\/\/www.vmv-mbh.de\/"},{"@type":"ListItem","position":2,"name":"Fahrplanauskunft"}]},{"@type":"WebSite","@id":"https:\/\/www.vmv-mbh.de\/#website","url":"https:\/\/www.vmv-mbh.de\/","name":"VMV Transport Company Mecklenburg-Western Pomerania","description":"VMV - Verkehrsgesellschaft M-V","publisher":{"@id":"https:\/\/www.vmv-mbh.de\/#organization"},"potentialAction":[{"@type":"SearchAction","target":{"@type":"EntryPoint","urlTemplate":"https:\/\/www.vmv-mbh.de\/?s={search_term_string}"},"query-input":{"@type":"PropertyValueSpecification","valueRequired":true,"valueName":"search_term_string"}}],"inLanguage":"en-GB"},{"@type":"Organization","@id":"https:\/\/www.vmv-mbh.de\/#organization","name":"VMV - Verkehrsgesellschaft Mecklenburg-Vorpommern mbH","url":"https:\/\/www.vmv-mbh.de\/","logo":{"@type":"ImageObject","inLanguage":"en-GB","@id":"https:\/\/www.vmv-mbh.de\/#\/schema\/logo\/image\/","url":"https:\/\/www.vmv-mbh.de\/wp-content\/uploads\/brand-vmv-vmv-logo-quer-inv.png","contentUrl":"https:\/\/www.vmv-mbh.de\/wp-content\/uploads\/brand-vmv-vmv-logo-quer-inv.png","width":384,"height":64,"caption":"VMV \u2013 Verkehrsgesellschaft Mecklenburg-Vorpommern mbH"},"image":{"@id":"https:\/\/www.vmv-mbh.de\/#\/schema\/logo\/image\/"}}]}},"_links":{"self":[{"href":"https:\/\/www.vmv-mbh.de\/en\/wp-json\/wp\/v2\/pages\/548","targetHints":{"allow":["GET"]}}],"collection":[{"href":"https:\/\/www.vmv-mbh.de\/en\/wp-json\/wp\/v2\/pages"}],"about":[{"href":"https:\/\/www.vmv-mbh.de\/en\/wp-json\/wp\/v2\/types\/page"}],"author":[{"embeddable":true,"href":"https:\/\/www.vmv-mbh.de\/en\/wp-json\/wp\/v2\/users\/7"}],"replies":[{"embeddable":true,"href":"https:\/\/www.vmv-mbh.de\/en\/wp-json\/wp\/v2\/comments?post=548"}],"version-history":[{"count":0,"href":"https:\/\/www.vmv-mbh.de\/en\/wp-json\/wp\/v2\/pages\/548\/revisions"}],"wp:featuredmedia":[{"embeddable":true,"href":"https:\/\/www.vmv-mbh.de\/en\/wp-json\/wp\/v2\/media\/723"}],"wp:attachment":[{"href":"https:\/\/www.vmv-mbh.de\/en\/wp-json\/wp\/v2\/media?parent=548"}],"curies":[{"name":"wp","href":"https:\/\/api.w.org\/{rel}","templated":true}]}}