{"id":6,"date":"2022-01-13T08:58:08","date_gmt":"2022-01-13T08:58:08","guid":{"rendered":"https:\/\/www.vmv-mbh.de\/?page_id=6"},"modified":"2025-08-05T12:09:33","modified_gmt":"2025-08-05T10:09:33","slug":"impressum","status":"publish","type":"page","link":"https:\/\/www.vmv-mbh.de\/en\/impressum\/","title":{"rendered":"Legal notice"},"content":{"rendered":"<div data-elementor-type=\"wp-page\" data-elementor-id=\"6\" class=\"elementor elementor-6\" data-elementor-post-type=\"page\">\n\t\t\t\t\t\t<section class=\"elementor-section elementor-top-section elementor-element elementor-element-93f6119 elementor-section-boxed elementor-section-height-default elementor-section-height-default\" data-id=\"93f6119\" data-element_type=\"section\" data-e-type=\"section\">\n\t\t\t\t\t\t<div class=\"elementor-container elementor-column-gap-no\">\n\t\t\t\t\t<div class=\"elementor-column elementor-col-100 elementor-top-column elementor-element elementor-element-d85629f\" data-id=\"d85629f\" data-element_type=\"column\" data-e-type=\"column\">\n\t\t\t<div class=\"elementor-widget-wrap elementor-element-populated\">\n\t\t\t\t\t\t<div class=\"elementor-element elementor-element-16b1d33 elementor-widget elementor-widget-heading\" data-id=\"16b1d33\" data-element_type=\"widget\" data-e-type=\"widget\" data-widget_type=\"heading.default\">\n\t\t\t\t<div class=\"elementor-widget-container\">\n\t\t\t\t\t<h3 class=\"elementor-heading-title elementor-size-default\">Legal notice<\/h3>\t\t\t\t<\/div>\n\t\t\t\t<\/div>\n\t\t\t\t<div class=\"elementor-element elementor-element-5db4e34 elementor-widget elementor-widget-text-editor\" data-id=\"5db4e34\" data-element_type=\"widget\" data-e-type=\"widget\" data-widget_type=\"text-editor.default\">\n\t\t\t\t<div class=\"elementor-widget-container\">\n\t\t\t\t\t\t\t\t\t<p class=\"bodytext\"><b>Responsible for the content:<\/b><\/p><p class=\"bodytext\">VMV - Verkehrsgesellschaft Mecklenburg-Vorpommern mbH<br \/>Castle Street 37<br \/>19053 Schwerin<br \/>Germany<br \/>Tel.: 03 85 \/ 5 90 87 - 0<br \/><a class=\"mail\" title=\"Opens a window for sending the e-mail\" href=\"mailto:info@vmv-mbh.de\" target=\"_blank\" rel=\"noopener\">info(at)vmv-mbh.de<\/a><\/p><p>Entered in the Commercial Register at Schwerin Local Court - Register No. HRB 4823<\/p><p>Tax no. 090\/125\/00375<\/p><p>UST. ID. NUMBER: DE178059510<\/p><p class=\"bodytext\"><b>Gesch\u00e4ftsf\u00fchrer: Carsten Werfel<br \/><\/b><\/p><p class=\"bodytext\">All information and explanations on these Internet pages are non-binding. VMV-Verkehrsgesellschaft Mecklenburg-Vorpommern mbH does not guarantee the accuracy and completeness of the content. No guarantee is given and no assurance of product characteristics is made. No legal claims can be derived from the contents of the Internet pages. Errors in the content will be corrected immediately upon knowledge thereof. The contents of the Internet pages may not be permanently up-to-date due to time-delayed updating. Therefore, please ask us about the status, technical details and availability of products and services. Links to other Internet sites are not permanently checked. We therefore accept no responsibility for the content of linked pages.<\/p><p class=\"bodytext\"><b>Downloading data and software<\/b><br \/>VMV - Verkehrsgesellschaft Mecklenburg-Vorpommern mbH accepts no liability for the accuracy of data and software that can be downloaded from the website. The software is checked for viruses by VMV Verkehrsgesellschaft Mecklenburg-Vorpommern mbH. Nevertheless, we recommend checking data and software for viruses after downloading using the latest anti-virus software.<\/p><p class=\"bodytext\"><b>Copyrights and other special protection rights<\/b><br \/>The content of these Internet pages is protected by copyright. One copy of the information on the Internet pages may be stored on a single computer for non-commercial and personal internal use. Graphics, texts, logos, images, etc. may only be downloaded, reproduced, copied, modified, published, sent, transmitted or used in any other form with the written permission of VMV - Verkehrsgesellschaft Mecklenburg-Vorpommern mbH. Product and company names mentioned may be registered trademarks or brands. Unauthorised use may lead to claims for damages and injunctive relief.<\/p><p class=\"bodytext\"><b>Protection of personal data and confidentiality<\/b><br \/>We cannot guarantee that information or personal data transmitted to us will not be \"intercepted\" by third parties during transmission.<\/p>\t\t\t\t\t\t\t\t<\/div>\n\t\t\t\t<\/div>\n\t\t\t\t\t<\/div>\n\t\t<\/div>\n\t\t\t\t\t<\/div>\n\t\t<\/section>\n\t\t\t\t<\/div>","protected":false},"excerpt":{"rendered":"<p>Impressum Verantwortlich f\u00fcr den Inhalt: VMV &#8211; Verkehrsgesellschaft Mecklenburg-Vorpommern mbHSchlo\u00dfstra\u00dfe 3719053 SchwerinDeutschlandTel.: 03 85 \/ 5 90 87 &#8211; 0info(at)vmv-mbh.de Eingetragen beim Handelsregister Amtsgericht Schwerin &#8211; Register-Nr. HRB 4823 Steuer-Nr. 090\/125\/00375 UST.-ID-NUMMER: DE178059510 Gesch\u00e4ftsf\u00fchrer: Carsten Werfel Alle Informationen und Erkl\u00e4rungen dieser Internetseiten sind unverbindlich. Die VMV-Verkehrsgesellschaft Mecklenburg-Vorpommern mbH \u00fcbernimmt f\u00fcr die Richtigkeit und Vollst\u00e4ndigkeit der&hellip;<\/p>","protected":false},"author":7,"featured_media":0,"parent":0,"menu_order":32,"comment_status":"closed","ping_status":"closed","template":"","meta":{"_acf_changed":false,"footnotes":""},"class_list":["post-6","page","type-page","status-publish","hentry"],"acf":[],"yoast_head":"<!-- This site is optimized with the Yoast SEO plugin v27.6 - https:\/\/yoast.com\/product\/yoast-seo-wordpress\/ -->\n<title>Impressum - VMV-Verkehrsgesellschaft Mecklenburg-Vorpommern<\/title>\n<meta name=\"robots\" content=\"index, follow, max-snippet:-1, max-image-preview:large, max-video-preview:-1\" \/>\n<link rel=\"canonical\" href=\"https:\/\/www.vmv-mbh.de\/en\/impressum\/\" \/>\n<meta property=\"og:locale\" content=\"en_GB\" \/>\n<meta property=\"og:type\" content=\"article\" \/>\n<meta property=\"og:title\" content=\"Impressum - VMV-Verkehrsgesellschaft Mecklenburg-Vorpommern\" \/>\n<meta property=\"og:description\" content=\"Impressum Verantwortlich f\u00fcr den Inhalt: VMV &#8211; Verkehrsgesellschaft Mecklenburg-Vorpommern mbHSchlo\u00dfstra\u00dfe 3719053 SchwerinDeutschlandTel.: 03 85 \/ 5 90 87 &#8211; 0info(at)vmv-mbh.de Eingetragen beim Handelsregister Amtsgericht Schwerin &#8211; Register-Nr. HRB 4823 Steuer-Nr. 090\/125\/00375 UST.-ID-NUMMER: DE178059510 Gesch\u00e4ftsf\u00fchrer: Carsten Werfel Alle Informationen und Erkl\u00e4rungen dieser Internetseiten sind unverbindlich. Die VMV-Verkehrsgesellschaft Mecklenburg-Vorpommern mbH \u00fcbernimmt f\u00fcr die Richtigkeit und Vollst\u00e4ndigkeit der&hellip;\" \/>\n<meta property=\"og:url\" content=\"https:\/\/www.vmv-mbh.de\/en\/impressum\/\" \/>\n<meta property=\"og:site_name\" content=\"VMV-Verkehrsgesellschaft Mecklenburg-Vorpommern\" \/>\n<meta property=\"article:modified_time\" content=\"2025-08-05T10:09:33+00:00\" \/>\n<meta name=\"twitter:card\" content=\"summary_large_image\" \/>\n<meta name=\"twitter:label1\" content=\"Estimated reading time\" \/>\n\t<meta name=\"twitter:data1\" content=\"2 minutes\" \/>\n<script type=\"application\/ld+json\" class=\"yoast-schema-graph\">{\"@context\":\"https:\\\/\\\/schema.org\",\"@graph\":[{\"@type\":\"WebPage\",\"@id\":\"https:\\\/\\\/www.vmv-mbh.de\\\/impressum\\\/\",\"url\":\"https:\\\/\\\/www.vmv-mbh.de\\\/impressum\\\/\",\"name\":\"Impressum - VMV-Verkehrsgesellschaft Mecklenburg-Vorpommern\",\"isPartOf\":{\"@id\":\"https:\\\/\\\/www.vmv-mbh.de\\\/#website\"},\"datePublished\":\"2022-01-13T08:58:08+00:00\",\"dateModified\":\"2025-08-05T10:09:33+00:00\",\"breadcrumb\":{\"@id\":\"https:\\\/\\\/www.vmv-mbh.de\\\/impressum\\\/#breadcrumb\"},\"inLanguage\":\"en-GB\",\"potentialAction\":[{\"@type\":\"ReadAction\",\"target\":[\"https:\\\/\\\/www.vmv-mbh.de\\\/impressum\\\/\"]}]},{\"@type\":\"BreadcrumbList\",\"@id\":\"https:\\\/\\\/www.vmv-mbh.de\\\/impressum\\\/#breadcrumb\",\"itemListElement\":[{\"@type\":\"ListItem\",\"position\":1,\"name\":\"Startseite\",\"item\":\"https:\\\/\\\/www.vmv-mbh.de\\\/\"},{\"@type\":\"ListItem\",\"position\":2,\"name\":\"Impressum\"}]},{\"@type\":\"WebSite\",\"@id\":\"https:\\\/\\\/www.vmv-mbh.de\\\/#website\",\"url\":\"https:\\\/\\\/www.vmv-mbh.de\\\/\",\"name\":\"VMV-Verkehrsgesellschaft Mecklenburg-Vorpommern\",\"description\":\"VMV \u2013 Verkehrsgesellschaft M-V\",\"publisher\":{\"@id\":\"https:\\\/\\\/www.vmv-mbh.de\\\/#organization\"},\"potentialAction\":[{\"@type\":\"SearchAction\",\"target\":{\"@type\":\"EntryPoint\",\"urlTemplate\":\"https:\\\/\\\/www.vmv-mbh.de\\\/?s={search_term_string}\"},\"query-input\":{\"@type\":\"PropertyValueSpecification\",\"valueRequired\":true,\"valueName\":\"search_term_string\"}}],\"inLanguage\":\"en-GB\"},{\"@type\":\"Organization\",\"@id\":\"https:\\\/\\\/www.vmv-mbh.de\\\/#organization\",\"name\":\"VMV \u2013 Verkehrsgesellschaft Mecklenburg-Vorpommern mbH\",\"url\":\"https:\\\/\\\/www.vmv-mbh.de\\\/\",\"logo\":{\"@type\":\"ImageObject\",\"inLanguage\":\"en-GB\",\"@id\":\"https:\\\/\\\/www.vmv-mbh.de\\\/#\\\/schema\\\/logo\\\/image\\\/\",\"url\":\"https:\\\/\\\/www.vmv-mbh.de\\\/wp-content\\\/uploads\\\/brand-vmv-vmv-logo-quer-inv.png\",\"contentUrl\":\"https:\\\/\\\/www.vmv-mbh.de\\\/wp-content\\\/uploads\\\/brand-vmv-vmv-logo-quer-inv.png\",\"width\":384,\"height\":64,\"caption\":\"VMV \u2013 Verkehrsgesellschaft Mecklenburg-Vorpommern mbH\"},\"image\":{\"@id\":\"https:\\\/\\\/www.vmv-mbh.de\\\/#\\\/schema\\\/logo\\\/image\\\/\"}}]}<\/script>\n<!-- \/ Yoast SEO plugin. -->","yoast_head_json":{"title":"Impressum - VMV-Verkehrsgesellschaft Mecklenburg-Vorpommern","robots":{"index":"index","follow":"follow","max-snippet":"max-snippet:-1","max-image-preview":"max-image-preview:large","max-video-preview":"max-video-preview:-1"},"canonical":"https:\/\/www.vmv-mbh.de\/en\/impressum\/","og_locale":"en_GB","og_type":"article","og_title":"Impressum - VMV-Verkehrsgesellschaft Mecklenburg-Vorpommern","og_description":"Impressum Verantwortlich f\u00fcr den Inhalt: VMV &#8211; Verkehrsgesellschaft Mecklenburg-Vorpommern mbHSchlo\u00dfstra\u00dfe 3719053 SchwerinDeutschlandTel.: 03 85 \/ 5 90 87 &#8211; 0info(at)vmv-mbh.de Eingetragen beim Handelsregister Amtsgericht Schwerin &#8211; Register-Nr. HRB 4823 Steuer-Nr. 090\/125\/00375 UST.-ID-NUMMER: DE178059510 Gesch\u00e4ftsf\u00fchrer: Carsten Werfel Alle Informationen und Erkl\u00e4rungen dieser Internetseiten sind unverbindlich. Die VMV-Verkehrsgesellschaft Mecklenburg-Vorpommern mbH \u00fcbernimmt f\u00fcr die Richtigkeit und Vollst\u00e4ndigkeit der&hellip;","og_url":"https:\/\/www.vmv-mbh.de\/en\/impressum\/","og_site_name":"VMV-Verkehrsgesellschaft Mecklenburg-Vorpommern","article_modified_time":"2025-08-05T10:09:33+00:00","twitter_card":"summary_large_image","twitter_misc":{"Estimated reading time":"2 minutes"},"schema":{"@context":"https:\/\/schema.org","@graph":[{"@type":"WebPage","@id":"https:\/\/www.vmv-mbh.de\/impressum\/","url":"https:\/\/www.vmv-mbh.de\/impressum\/","name":"Impressum - VMV-Verkehrsgesellschaft Mecklenburg-Vorpommern","isPartOf":{"@id":"https:\/\/www.vmv-mbh.de\/#website"},"datePublished":"2022-01-13T08:58:08+00:00","dateModified":"2025-08-05T10:09:33+00:00","breadcrumb":{"@id":"https:\/\/www.vmv-mbh.de\/impressum\/#breadcrumb"},"inLanguage":"en-GB","potentialAction":[{"@type":"ReadAction","target":["https:\/\/www.vmv-mbh.de\/impressum\/"]}]},{"@type":"BreadcrumbList","@id":"https:\/\/www.vmv-mbh.de\/impressum\/#breadcrumb","itemListElement":[{"@type":"ListItem","position":1,"name":"Startseite","item":"https:\/\/www.vmv-mbh.de\/"},{"@type":"ListItem","position":2,"name":"Impressum"}]},{"@type":"WebSite","@id":"https:\/\/www.vmv-mbh.de\/#website","url":"https:\/\/www.vmv-mbh.de\/","name":"VMV Transport Company Mecklenburg-Western Pomerania","description":"VMV - Verkehrsgesellschaft M-V","publisher":{"@id":"https:\/\/www.vmv-mbh.de\/#organization"},"potentialAction":[{"@type":"SearchAction","target":{"@type":"EntryPoint","urlTemplate":"https:\/\/www.vmv-mbh.de\/?s={search_term_string}"},"query-input":{"@type":"PropertyValueSpecification","valueRequired":true,"valueName":"search_term_string"}}],"inLanguage":"en-GB"},{"@type":"Organization","@id":"https:\/\/www.vmv-mbh.de\/#organization","name":"VMV - Verkehrsgesellschaft Mecklenburg-Vorpommern mbH","url":"https:\/\/www.vmv-mbh.de\/","logo":{"@type":"ImageObject","inLanguage":"en-GB","@id":"https:\/\/www.vmv-mbh.de\/#\/schema\/logo\/image\/","url":"https:\/\/www.vmv-mbh.de\/wp-content\/uploads\/brand-vmv-vmv-logo-quer-inv.png","contentUrl":"https:\/\/www.vmv-mbh.de\/wp-content\/uploads\/brand-vmv-vmv-logo-quer-inv.png","width":384,"height":64,"caption":"VMV \u2013 Verkehrsgesellschaft Mecklenburg-Vorpommern mbH"},"image":{"@id":"https:\/\/www.vmv-mbh.de\/#\/schema\/logo\/image\/"}}]}},"_links":{"self":[{"href":"https:\/\/www.vmv-mbh.de\/en\/wp-json\/wp\/v2\/pages\/6","targetHints":{"allow":["GET"]}}],"collection":[{"href":"https:\/\/www.vmv-mbh.de\/en\/wp-json\/wp\/v2\/pages"}],"about":[{"href":"https:\/\/www.vmv-mbh.de\/en\/wp-json\/wp\/v2\/types\/page"}],"author":[{"embeddable":true,"href":"https:\/\/www.vmv-mbh.de\/en\/wp-json\/wp\/v2\/users\/7"}],"replies":[{"embeddable":true,"href":"https:\/\/www.vmv-mbh.de\/en\/wp-json\/wp\/v2\/comments?post=6"}],"version-history":[{"count":0,"href":"https:\/\/www.vmv-mbh.de\/en\/wp-json\/wp\/v2\/pages\/6\/revisions"}],"wp:attachment":[{"href":"https:\/\/www.vmv-mbh.de\/en\/wp-json\/wp\/v2\/media?parent=6"}],"curies":[{"name":"wp","href":"https:\/\/api.w.org\/{rel}","templated":true}]}}